{"id":935,"date":"2021-02-18T11:11:04","date_gmt":"2021-02-18T10:11:04","guid":{"rendered":"https:\/\/saintlouis-lapaix.com\/lycee-saint-louis\/?page_id=935"},"modified":"2021-02-18T14:43:34","modified_gmt":"2021-02-18T13:43:34","slug":"visite-virtuelle-saint-louis","status":"publish","type":"page","link":"https:\/\/saintlouis-lapaix.com\/lycee-saint-louis\/visite-virtuelle-saint-louis\/","title":{"rendered":"Visite virtuelle"},"content":{"rendered":"<h1>Bienvenue \u00e0 Saint-Louis<\/h1>\n<h2>Visite virtuelle \u00e0 360\u00b0<\/h2>\n<h2><div class=\"\" style=\"padding-bottom: 66.666666666667%;\"><iframe loading=\"lazy\" style=\"border: none;\" src=\"https:\/\/viar.live\/embed\/tour\/tsj72f\" width=\"750\" height=\"500\" allowfullscreen=\"allowfullscreen\"><span style=\"display: inline-block; width: 0px; overflow: hidden; line-height: 0;\" data-mce-type=\"bookmark\" class=\"mce_SELRES_start\">\ufeff<\/span><span style=\"display: inline-block; width: 0px; overflow: hidden; line-height: 0;\" data-mce-type=\"bookmark\" class=\"mce_SELRES_start\">\ufeff<\/span><\/iframe><\/div> Vid\u00e9o de pr\u00e9sentation<\/h2>\n<p>Vous trouverez ci-dessous une vid\u00e9o de pr\u00e9sentation des infrastructures de l&rsquo;\u00e9tablissement d&rsquo;enseignement g\u00e9n\u00e9ral et technologique :<\/p>\n<p><div class=\"video-container youtube\" style=\"padding-bottom: 56.2%;\"><iframe loading=\"lazy\" title=\"Visite virtuelle du Lyc\u00e9e Saint-Louis \u00e0 Lorient\" width=\"500\" height=\"281\" src=\"https:\/\/www.youtube.com\/embed\/ZZnVGNt_TTg?feature=oembed\" frameborder=\"0\" allow=\"accelerometer; autoplay; clipboard-write; encrypted-media; gyroscope; picture-in-picture; web-share\" referrerpolicy=\"strict-origin-when-cross-origin\" allowfullscreen><\/iframe><\/div><\/p>\n<h2>Entretiens personnalis\u00e9s et visites sur rendez-vous<\/h2>\n<p>En vue d&rsquo;une nouvelle inscription au lyc\u00e9e Saint-Louis, les responsables p\u00e9dagogiques correspondant au niveau de l&rsquo;\u00e9l\u00e8ve peuvent vous proposer, sur rendez-vous, des entretiens personnalis\u00e9s. Nous pouvons d\u00e9sormais \u00e9galement organiser une visite de l&rsquo;\u00e9tablissement.<\/p>\n<p>Pour cela, merci de vous adresser au secr\u00e9tariat du lyc\u00e9e Saint-Louis, par t\u00e9l\u00e9phone au <a href=\"tel:02 97 84 13 84\"><strong>02 97 84 13 84<\/strong>,<\/a> ou par e-mail \u00e0 l&rsquo;adresse suivante : <a href=\"tel:secretariat@saintlouis-lorient.org\"><strong>secretariat@saintlouis-lorient.org<\/strong><\/a><\/p>\n<h2>Enseignements propos\u00e9s au lyc\u00e9e<\/h2>\n<p>Nous vous pr\u00e9sentons les enseignements propos\u00e9s aux \u00e9l\u00e8ves du lyc\u00e9e dans le document ci-dessous.<\/p>\n<p><strong><a href=\"https:\/\/saintlouis-lapaix.com\/lycee-saint-louis\/visite-virtuelle\/diapo2020v5\/\" target=\"_blank\" rel=\"attachment noopener wp-att-937 noreferrer\">Consulter ou t\u00e9l\u00e9charger la pr\u00e9sentation des enseignements du Lyc\u00e9e Saint-Louis<\/a><\/strong><\/p>\n<h2><a href=\"https:\/\/saintlouis-lapaix.com\/lycee-saint-louis\/administration\/telechargements\/\" target=\"_blank\" rel=\"noopener noreferrer\">Formulaires d&rsquo;inscription en ligne<\/a><\/h2>\n<p>Si vous souhaitez obtenir plus d&rsquo;informations, vous pouvez contacter le secr\u00e9tariat du lyc\u00e9e au<strong> <a href=\"tel:02 97 84 13 84\">02 97 84 13 84<\/a> <\/strong>ou par e-mail \u00e0 l&rsquo;adresse : <strong><a href=\"tel:secretariat@saintlouis-lorient.org\">secretariat@saintlouis-lorient.org<\/a><\/strong><\/p>\n<p>Vous trouverez \u00e9galement sur ce site internet<strong><a href=\"https:\/\/saintlouis-lapaix.com\/lycee-saint-louis\/administration\/telechargements\/\" target=\"_blank\" rel=\"noopener noreferrer\"> les formulaires d&rsquo;inscription en ligne, vous pouvez aussi t\u00e9l\u00e9charger un dossier \u00e0 remplir et envoyer au secr\u00e9tariat.\u00a0<\/a><\/strong><\/p>\n<p>Merci de votre visite, \u00e0 bient\u00f4t.<\/p>\n","protected":false},"excerpt":{"rendered":"<p>Bienvenue \u00e0 Saint-Louis Visite virtuelle \u00e0 360\u00b0 \ufeff\ufeff Vid\u00e9o de pr\u00e9sentation Vous trouverez ci-dessous une vid\u00e9o de pr\u00e9sentation des infrastructures&hellip;<\/p>\n","protected":false},"author":12,"featured_media":0,"parent":0,"menu_order":0,"comment_status":"closed","ping_status":"closed","template":"","meta":{"_acf_changed":false,"footnotes":""},"class_list":["post-935","page","type-page","status-publish","hentry"],"acf":[],"yoast_head":"<!-- This site is optimized with the Yoast SEO plugin v27.6 - https:\/\/yoast.com\/product\/yoast-seo-wordpress\/ -->\n<title>Visite virtuelle - Lyc\u00e9e Saint-Louis<\/title>\n<meta name=\"description\" content=\"Vous trouverez une vid\u00e9o de pr\u00e9sentation des infrastructures du lyc\u00e9e Saint-Louis. Nous vous pr\u00e9sentons aussi les enseignements propos\u00e9s aux \u00e9l\u00e8ves.\" \/>\n<meta name=\"robots\" content=\"index, follow, max-snippet:-1, max-image-preview:large, max-video-preview:-1\" \/>\n<link rel=\"canonical\" href=\"https:\/\/saintlouis-lapaix.com\/lycee-saint-louis\/visite-virtuelle-saint-louis\/\" \/>\n<meta property=\"og:locale\" content=\"fr_FR\" \/>\n<meta property=\"og:type\" content=\"article\" \/>\n<meta property=\"og:title\" content=\"Visite virtuelle - Lyc\u00e9e Saint-Louis\" \/>\n<meta property=\"og:description\" content=\"Vous trouverez une vid\u00e9o de pr\u00e9sentation des infrastructures du lyc\u00e9e Saint-Louis. Nous vous pr\u00e9sentons aussi les enseignements propos\u00e9s aux \u00e9l\u00e8ves.\" \/>\n<meta property=\"og:url\" content=\"https:\/\/saintlouis-lapaix.com\/lycee-saint-louis\/visite-virtuelle-saint-louis\/\" \/>\n<meta property=\"og:site_name\" content=\"Lyc\u00e9e Saint-Louis\" \/>\n<meta property=\"article:modified_time\" content=\"2021-02-18T13:43:34+00:00\" \/>\n<meta name=\"twitter:card\" content=\"summary_large_image\" \/>\n<meta name=\"twitter:label1\" content=\"Dur\u00e9e de lecture estim\u00e9e\" \/>\n\t<meta name=\"twitter:data1\" content=\"1 minute\" \/>\n<script type=\"application\/ld+json\" class=\"yoast-schema-graph\">{\"@context\":\"https:\\\/\\\/schema.org\",\"@graph\":[{\"@type\":\"WebPage\",\"@id\":\"https:\\\/\\\/saintlouis-lapaix.com\\\/lycee-saint-louis\\\/visite-virtuelle-saint-louis\\\/\",\"url\":\"https:\\\/\\\/saintlouis-lapaix.com\\\/lycee-saint-louis\\\/visite-virtuelle-saint-louis\\\/\",\"name\":\"Visite virtuelle - Lyc\u00e9e Saint-Louis\",\"isPartOf\":{\"@id\":\"https:\\\/\\\/saintlouis-lapaix.com\\\/lycee-saint-louis\\\/#website\"},\"datePublished\":\"2021-02-18T10:11:04+00:00\",\"dateModified\":\"2021-02-18T13:43:34+00:00\",\"description\":\"Vous trouverez une vid\u00e9o de pr\u00e9sentation des infrastructures du lyc\u00e9e Saint-Louis. Nous vous pr\u00e9sentons aussi les enseignements propos\u00e9s aux \u00e9l\u00e8ves.\",\"breadcrumb\":{\"@id\":\"https:\\\/\\\/saintlouis-lapaix.com\\\/lycee-saint-louis\\\/visite-virtuelle-saint-louis\\\/#breadcrumb\"},\"inLanguage\":\"fr-FR\",\"potentialAction\":[{\"@type\":\"ReadAction\",\"target\":[\"https:\\\/\\\/saintlouis-lapaix.com\\\/lycee-saint-louis\\\/visite-virtuelle-saint-louis\\\/\"]}]},{\"@type\":\"BreadcrumbList\",\"@id\":\"https:\\\/\\\/saintlouis-lapaix.com\\\/lycee-saint-louis\\\/visite-virtuelle-saint-louis\\\/#breadcrumb\",\"itemListElement\":[{\"@type\":\"ListItem\",\"position\":1,\"name\":\"Accueil\",\"item\":\"https:\\\/\\\/saintlouis-lapaix.com\\\/lycee-saint-louis\\\/\"},{\"@type\":\"ListItem\",\"position\":2,\"name\":\"Visite virtuelle\"}]},{\"@type\":\"WebSite\",\"@id\":\"https:\\\/\\\/saintlouis-lapaix.com\\\/lycee-saint-louis\\\/#website\",\"url\":\"https:\\\/\\\/saintlouis-lapaix.com\\\/lycee-saint-louis\\\/\",\"name\":\"Lyc\u00e9e Saint-Louis\",\"description\":\"Lyc\u00e9e d\u2019Enseignement G\u00e9n\u00e9ral et Technologique\",\"potentialAction\":[{\"@type\":\"SearchAction\",\"target\":{\"@type\":\"EntryPoint\",\"urlTemplate\":\"https:\\\/\\\/saintlouis-lapaix.com\\\/lycee-saint-louis\\\/?s={search_term_string}\"},\"query-input\":{\"@type\":\"PropertyValueSpecification\",\"valueRequired\":true,\"valueName\":\"search_term_string\"}}],\"inLanguage\":\"fr-FR\"}]}<\/script>\n<!-- \/ Yoast SEO plugin. -->","yoast_head_json":{"title":"Visite virtuelle - Lyc\u00e9e Saint-Louis","description":"Vous trouverez une vid\u00e9o de pr\u00e9sentation des infrastructures du lyc\u00e9e Saint-Louis. Nous vous pr\u00e9sentons aussi les enseignements propos\u00e9s aux \u00e9l\u00e8ves.","robots":{"index":"index","follow":"follow","max-snippet":"max-snippet:-1","max-image-preview":"max-image-preview:large","max-video-preview":"max-video-preview:-1"},"canonical":"https:\/\/saintlouis-lapaix.com\/lycee-saint-louis\/visite-virtuelle-saint-louis\/","og_locale":"fr_FR","og_type":"article","og_title":"Visite virtuelle - Lyc\u00e9e Saint-Louis","og_description":"Vous trouverez une vid\u00e9o de pr\u00e9sentation des infrastructures du lyc\u00e9e Saint-Louis. Nous vous pr\u00e9sentons aussi les enseignements propos\u00e9s aux \u00e9l\u00e8ves.","og_url":"https:\/\/saintlouis-lapaix.com\/lycee-saint-louis\/visite-virtuelle-saint-louis\/","og_site_name":"Lyc\u00e9e Saint-Louis","article_modified_time":"2021-02-18T13:43:34+00:00","twitter_card":"summary_large_image","twitter_misc":{"Dur\u00e9e de lecture estim\u00e9e":"1 minute"},"schema":{"@context":"https:\/\/schema.org","@graph":[{"@type":"WebPage","@id":"https:\/\/saintlouis-lapaix.com\/lycee-saint-louis\/visite-virtuelle-saint-louis\/","url":"https:\/\/saintlouis-lapaix.com\/lycee-saint-louis\/visite-virtuelle-saint-louis\/","name":"Visite virtuelle - Lyc\u00e9e Saint-Louis","isPartOf":{"@id":"https:\/\/saintlouis-lapaix.com\/lycee-saint-louis\/#website"},"datePublished":"2021-02-18T10:11:04+00:00","dateModified":"2021-02-18T13:43:34+00:00","description":"Vous trouverez une vid\u00e9o de pr\u00e9sentation des infrastructures du lyc\u00e9e Saint-Louis. Nous vous pr\u00e9sentons aussi les enseignements propos\u00e9s aux \u00e9l\u00e8ves.","breadcrumb":{"@id":"https:\/\/saintlouis-lapaix.com\/lycee-saint-louis\/visite-virtuelle-saint-louis\/#breadcrumb"},"inLanguage":"fr-FR","potentialAction":[{"@type":"ReadAction","target":["https:\/\/saintlouis-lapaix.com\/lycee-saint-louis\/visite-virtuelle-saint-louis\/"]}]},{"@type":"BreadcrumbList","@id":"https:\/\/saintlouis-lapaix.com\/lycee-saint-louis\/visite-virtuelle-saint-louis\/#breadcrumb","itemListElement":[{"@type":"ListItem","position":1,"name":"Accueil","item":"https:\/\/saintlouis-lapaix.com\/lycee-saint-louis\/"},{"@type":"ListItem","position":2,"name":"Visite virtuelle"}]},{"@type":"WebSite","@id":"https:\/\/saintlouis-lapaix.com\/lycee-saint-louis\/#website","url":"https:\/\/saintlouis-lapaix.com\/lycee-saint-louis\/","name":"Lyc\u00e9e Saint-Louis","description":"Lyc\u00e9e d\u2019Enseignement G\u00e9n\u00e9ral et Technologique","potentialAction":[{"@type":"SearchAction","target":{"@type":"EntryPoint","urlTemplate":"https:\/\/saintlouis-lapaix.com\/lycee-saint-louis\/?s={search_term_string}"},"query-input":{"@type":"PropertyValueSpecification","valueRequired":true,"valueName":"search_term_string"}}],"inLanguage":"fr-FR"}]}},"_links":{"self":[{"href":"https:\/\/saintlouis-lapaix.com\/lycee-saint-louis\/wp-json\/wp\/v2\/pages\/935","targetHints":{"allow":["GET"]}}],"collection":[{"href":"https:\/\/saintlouis-lapaix.com\/lycee-saint-louis\/wp-json\/wp\/v2\/pages"}],"about":[{"href":"https:\/\/saintlouis-lapaix.com\/lycee-saint-louis\/wp-json\/wp\/v2\/types\/page"}],"author":[{"embeddable":true,"href":"https:\/\/saintlouis-lapaix.com\/lycee-saint-louis\/wp-json\/wp\/v2\/users\/12"}],"replies":[{"embeddable":true,"href":"https:\/\/saintlouis-lapaix.com\/lycee-saint-louis\/wp-json\/wp\/v2\/comments?post=935"}],"version-history":[{"count":20,"href":"https:\/\/saintlouis-lapaix.com\/lycee-saint-louis\/wp-json\/wp\/v2\/pages\/935\/revisions"}],"predecessor-version":[{"id":1254,"href":"https:\/\/saintlouis-lapaix.com\/lycee-saint-louis\/wp-json\/wp\/v2\/pages\/935\/revisions\/1254"}],"wp:attachment":[{"href":"https:\/\/saintlouis-lapaix.com\/lycee-saint-louis\/wp-json\/wp\/v2\/media?parent=935"}],"curies":[{"name":"wp","href":"https:\/\/api.w.org\/{rel}","templated":true}]}}