{"id":447,"date":"2019-05-28T15:04:25","date_gmt":"2019-05-28T13:04:25","guid":{"rendered":"https:\/\/saintlouis-lapaix.com\/lycee-saint-louis\/?page_id=447"},"modified":"2025-12-09T14:48:50","modified_gmt":"2025-12-09T13:48:50","slug":"cdi","status":"publish","type":"page","link":"https:\/\/saintlouis-lapaix.com\/lycee-saint-louis\/cdi\/","title":{"rendered":"CDI"},"content":{"rendered":"<h2><span style=\"color: #008080\">Bienvenue au CDI du lyc\u00e9e Saint-Louis<\/span><\/h2>\n<h5>Situ\u00e9 au c\u0153ur de l\u2019\u00e9tablissement, le CDI est ouvert de 8h \u00e0 17h30.<\/h5>\n<h5>Deux professeurs documentalistes, Madame Delage et Monsieur Couvertier, y accueillent \u00e9l\u00e8ves et enseignants.<\/h5>\n<h3><strong><a href=\"https:\/\/0560101f.esidoc.fr\/\" target=\"_blank\" rel=\"noopener\">Site e-sidoc du CDI de Saint-Louis, cliquez ici<\/a> <\/strong><\/h3>\n<p><strong>Le CDI est un espace modulaire qui comprend\u00a0:<\/strong><\/p>\n<ul>\n<li>une salle de documentation,<\/li>\n<li>un espace pour la lecture de la presse<\/li>\n<li>deux salles de travaux de groupe pour les classes.<\/li>\n<\/ul>\n<p><strong>Sa configuration lui permet d\u2019accueillir des \u00e9l\u00e8ves :<\/strong><\/p>\n<ul>\n<li>en situation de travail autonome ou avec des enseignants<\/li>\n<li>pour faire des recherches<\/li>\n<li>pour lire (presse, romans, BD)<\/li>\n<li>pour emprunter livres et revues<\/li>\n<\/ul>\n<h3><span style=\"color: #008080\">Nos actualit\u00e9s :<\/span><\/h3>\n<blockquote class=\"wp-embedded-content\" data-secret=\"rAGFc8lNhx\"><p><a href=\"https:\/\/saintlouis-lapaix.com\/lycee-saint-louis\/cdi\/un-mag-des-lyceens-n20-qui-sannonce-riche\/\">Un Mag des lyc\u00e9ens sp\u00e9cial \u00ab\u00a0Portes ouvertes\u00a0\u00bb qui s\u2019annonce riche !<\/a><\/p><\/blockquote>\n<p><div class=\"\" style=\"padding-bottom: 56.4%;\"><iframe loading=\"lazy\" class=\"wp-embedded-content\" sandbox=\"allow-scripts\" security=\"restricted\" style=\"position: absolute; visibility: hidden;\" title=\"\u00ab\u00a0Un Mag des lyc\u00e9ens sp\u00e9cial \u00ab\u00a0Portes ouvertes\u00a0\u00bb qui s\u2019annonce riche !\u00a0\u00bb &#8212; Lyc\u00e9e Saint-Louis\" src=\"https:\/\/saintlouis-lapaix.com\/lycee-saint-louis\/cdi\/un-mag-des-lyceens-n20-qui-sannonce-riche\/embed\/#?secret=CE2HA43RIG#?secret=rAGFc8lNhx\" data-secret=\"rAGFc8lNhx\" width=\"500\" height=\"282\" frameborder=\"0\" marginwidth=\"0\" marginheight=\"0\" scrolling=\"no\"><\/iframe><\/div><\/p>\n<p><a href=\"https:\/\/saintlouis-lapaix.com\/lycee-saint-louis\/prix-de-la-plume-lyceenne\/\" target=\"_blank\" rel=\"noopener\"><img loading=\"lazy\" decoding=\"async\" class=\"alignnone wp-image-3907 size-full\" src=\"https:\/\/saintlouis-lapaix.com\/lycee-saint-louis\/wp-content\/uploads\/sites\/3\/2025\/10\/Screenshot-2025-10-14-at-16-44-57-Accueil-Lycee-Saint-Louis.png\" alt=\"\" width=\"392\" height=\"425\" srcset=\"https:\/\/saintlouis-lapaix.com\/lycee-saint-louis\/wp-content\/uploads\/sites\/3\/2025\/10\/Screenshot-2025-10-14-at-16-44-57-Accueil-Lycee-Saint-Louis.png 392w, https:\/\/saintlouis-lapaix.com\/lycee-saint-louis\/wp-content\/uploads\/sites\/3\/2025\/10\/Screenshot-2025-10-14-at-16-44-57-Accueil-Lycee-Saint-Louis-277x300.png 277w\" sizes=\"auto, (max-width: 392px) 100vw, 392px\" \/><\/a><\/p>\n<blockquote class=\"wp-embedded-content\" data-secret=\"7ZQVtQTcLH\"><p><a href=\"https:\/\/saintlouis-lapaix.com\/lycee-saint-louis\/prevention-contre-le-harcelement-pour-les-seconde\/\">Pr\u00e9vention contre le harc\u00e8lement pour les Seconde<\/a><\/p><\/blockquote>\n<p><div class=\"\" style=\"padding-bottom: 56.4%;\"><iframe loading=\"lazy\" class=\"wp-embedded-content\" sandbox=\"allow-scripts\" security=\"restricted\" style=\"position: absolute; visibility: hidden;\" title=\"\u00ab\u00a0Pr\u00e9vention contre le harc\u00e8lement pour les Seconde\u00a0\u00bb &#8212; Lyc\u00e9e Saint-Louis\" src=\"https:\/\/saintlouis-lapaix.com\/lycee-saint-louis\/prevention-contre-le-harcelement-pour-les-seconde\/embed\/#?secret=FgWLs0gcHC#?secret=7ZQVtQTcLH\" data-secret=\"7ZQVtQTcLH\" width=\"500\" height=\"282\" frameborder=\"0\" marginwidth=\"0\" marginheight=\"0\" scrolling=\"no\"><\/iframe><\/div><\/p>\n<blockquote class=\"wp-embedded-content\" data-secret=\"X7hG4MJFEu\"><p><a href=\"https:\/\/saintlouis-lapaix.com\/lycee-saint-louis\/concours-bd-geopolitique-2\/\">Concours BD g\u00e9opolitique<\/a><\/p><\/blockquote>\n<p><div class=\"\" style=\"padding-bottom: 56.4%;\"><iframe loading=\"lazy\" class=\"wp-embedded-content\" sandbox=\"allow-scripts\" security=\"restricted\" style=\"position: absolute; visibility: hidden;\" title=\"\u00ab\u00a0Concours BD g\u00e9opolitique\u00a0\u00bb &#8212; Lyc\u00e9e Saint-Louis\" src=\"https:\/\/saintlouis-lapaix.com\/lycee-saint-louis\/concours-bd-geopolitique-2\/embed\/#?secret=KVX6QC5xl4#?secret=X7hG4MJFEu\" data-secret=\"X7hG4MJFEu\" width=\"500\" height=\"282\" frameborder=\"0\" marginwidth=\"0\" marginheight=\"0\" scrolling=\"no\"><\/iframe><\/div><\/p>\n<blockquote class=\"wp-embedded-content\" data-secret=\"r495pEVvu3\"><p><a href=\"https:\/\/saintlouis-lapaix.com\/lycee-saint-louis\/semaine-de-la-sante-et-du-bien-etre\/\">Semaine de la sant\u00e9 et du bien-\u00eatre<\/a><\/p><\/blockquote>\n<p><div class=\"\" style=\"padding-bottom: 56.4%;\"><iframe loading=\"lazy\" class=\"wp-embedded-content\" sandbox=\"allow-scripts\" security=\"restricted\" style=\"position: absolute; visibility: hidden;\" title=\"\u00ab\u00a0Semaine de la sant\u00e9 et du bien-\u00eatre\u00a0\u00bb &#8212; Lyc\u00e9e Saint-Louis\" src=\"https:\/\/saintlouis-lapaix.com\/lycee-saint-louis\/semaine-de-la-sante-et-du-bien-etre\/embed\/#?secret=FmbJom5Q9H#?secret=r495pEVvu3\" data-secret=\"r495pEVvu3\" width=\"500\" height=\"282\" frameborder=\"0\" marginwidth=\"0\" marginheight=\"0\" scrolling=\"no\"><\/iframe><\/div><\/p>\n<h3><span style=\"color: #008080\"><strong><a style=\"color: #008080\" href=\"https:\/\/padlet.com\/stlouis56cdi\/m1wy8wb8ks2e\" target=\"_blank\" rel=\"noopener noreferrer\">Pour retrouvez le Padlet du lyc\u00e9e, c&rsquo;est par ici\u00a0<\/a><\/strong><\/span><\/h3>\n<h5><strong>Pour aller plus loin :<\/strong><\/h5>\n<ul>\n<li><strong><a href=\"https:\/\/saintlouis-lapaix.com\/lycee-saint-louis\/?page_id=651&amp;preview=true\">Retrouvez ici la journ\u00e9e des \u00e9crivains du 9 mai 2019<\/a><\/strong><\/li>\n<li><strong><a href=\"https:\/\/saintlouis-lapaix.com\/lycee-saint-louis\/cdi\/colonne-au-plaisir-de-lire-du-mois-doctobre-recits-de-vie\/\" target=\"_blank\" rel=\"noopener noreferrer\">Colonne au plaisir de lire du mois d\u2019octobre : \u00ab R\u00e9cits de vie \u00bb<\/a><\/strong><\/li>\n<li><a href=\"https:\/\/saintlouis-lapaix.com\/lycee-saint-louis\/cdi\/concours-creativite-confinement\/\" target=\"_blank\" rel=\"noopener noreferrer\"><strong>Un concours de cr\u00e9ativit\u00e9 pendant le confinement<\/strong><\/a><\/li>\n<\/ul>\n<h3>Nos partenaires :<\/h3>\n<p><img loading=\"lazy\" decoding=\"async\" class=\"alignnone size-full wp-image-2356\" src=\"https:\/\/saintlouis-lapaix.com\/lycee-saint-louis\/wp-content\/uploads\/sites\/3\/2023\/03\/RB_NB.jpg\" alt=\"\" width=\"113\" height=\"114\" \/>La r\u00e9gion Bretagne et l&rsquo;APEL (association des parents d&rsquo;\u00e9l\u00e8ves)<\/p>\n","protected":false},"excerpt":{"rendered":"<p>Bienvenue au CDI du lyc\u00e9e Saint-Louis Situ\u00e9 au c\u0153ur de l\u2019\u00e9tablissement, le CDI est ouvert de 8h \u00e0 17h30. Deux&hellip;<\/p>\n","protected":false},"author":3,"featured_media":856,"parent":0,"menu_order":0,"comment_status":"closed","ping_status":"closed","template":"","meta":{"_acf_changed":false,"footnotes":""},"class_list":["post-447","page","type-page","status-publish","has-post-thumbnail","hentry"],"acf":[],"yoast_head":"<!-- This site is optimized with the Yoast SEO plugin v27.3 - https:\/\/yoast.com\/product\/yoast-seo-wordpress\/ -->\n<title>CDI - Lyc\u00e9e Saint-Louis<\/title>\n<meta name=\"robots\" content=\"index, follow, max-snippet:-1, max-image-preview:large, max-video-preview:-1\" \/>\n<link rel=\"canonical\" href=\"https:\/\/saintlouis-lapaix.com\/lycee-saint-louis\/cdi\/\" \/>\n<meta property=\"og:locale\" content=\"fr_FR\" \/>\n<meta property=\"og:type\" content=\"article\" \/>\n<meta property=\"og:title\" content=\"CDI - Lyc\u00e9e Saint-Louis\" \/>\n<meta property=\"og:description\" content=\"Bienvenue au CDI du lyc\u00e9e Saint-Louis Situ\u00e9 au c\u0153ur de l\u2019\u00e9tablissement, le CDI est ouvert de 8h \u00e0 17h30. Deux&hellip;\" \/>\n<meta property=\"og:url\" content=\"https:\/\/saintlouis-lapaix.com\/lycee-saint-louis\/cdi\/\" \/>\n<meta property=\"og:site_name\" content=\"Lyc\u00e9e Saint-Louis\" \/>\n<meta property=\"article:modified_time\" content=\"2025-12-09T13:48:50+00:00\" \/>\n<meta property=\"og:image\" content=\"https:\/\/saintlouis-lapaix.com\/lycee-saint-louis\/wp-content\/uploads\/sites\/3\/2020\/04\/IllustrationCDI-scaled-e1586251930202.jpg\" \/>\n\t<meta property=\"og:image:width\" content=\"1600\" \/>\n\t<meta property=\"og:image:height\" content=\"1305\" \/>\n\t<meta property=\"og:image:type\" content=\"image\/jpeg\" \/>\n<meta name=\"twitter:card\" content=\"summary_large_image\" \/>\n<meta name=\"twitter:label1\" content=\"Dur\u00e9e de lecture estim\u00e9e\" \/>\n\t<meta name=\"twitter:data1\" content=\"2 minutes\" \/>\n<script type=\"application\/ld+json\" class=\"yoast-schema-graph\">{\"@context\":\"https:\\\/\\\/schema.org\",\"@graph\":[{\"@type\":\"WebPage\",\"@id\":\"https:\\\/\\\/saintlouis-lapaix.com\\\/lycee-saint-louis\\\/cdi\\\/\",\"url\":\"https:\\\/\\\/saintlouis-lapaix.com\\\/lycee-saint-louis\\\/cdi\\\/\",\"name\":\"CDI - Lyc\u00e9e Saint-Louis\",\"isPartOf\":{\"@id\":\"https:\\\/\\\/saintlouis-lapaix.com\\\/lycee-saint-louis\\\/#website\"},\"primaryImageOfPage\":{\"@id\":\"https:\\\/\\\/saintlouis-lapaix.com\\\/lycee-saint-louis\\\/cdi\\\/#primaryimage\"},\"image\":{\"@id\":\"https:\\\/\\\/saintlouis-lapaix.com\\\/lycee-saint-louis\\\/cdi\\\/#primaryimage\"},\"thumbnailUrl\":\"https:\\\/\\\/saintlouis-lapaix.com\\\/lycee-saint-louis\\\/wp-content\\\/uploads\\\/sites\\\/3\\\/2020\\\/04\\\/IllustrationCDI-scaled-e1586251930202.jpg\",\"datePublished\":\"2019-05-28T13:04:25+00:00\",\"dateModified\":\"2025-12-09T13:48:50+00:00\",\"breadcrumb\":{\"@id\":\"https:\\\/\\\/saintlouis-lapaix.com\\\/lycee-saint-louis\\\/cdi\\\/#breadcrumb\"},\"inLanguage\":\"fr-FR\",\"potentialAction\":[{\"@type\":\"ReadAction\",\"target\":[\"https:\\\/\\\/saintlouis-lapaix.com\\\/lycee-saint-louis\\\/cdi\\\/\"]}]},{\"@type\":\"ImageObject\",\"inLanguage\":\"fr-FR\",\"@id\":\"https:\\\/\\\/saintlouis-lapaix.com\\\/lycee-saint-louis\\\/cdi\\\/#primaryimage\",\"url\":\"https:\\\/\\\/saintlouis-lapaix.com\\\/lycee-saint-louis\\\/wp-content\\\/uploads\\\/sites\\\/3\\\/2020\\\/04\\\/IllustrationCDI-scaled-e1586251930202.jpg\",\"contentUrl\":\"https:\\\/\\\/saintlouis-lapaix.com\\\/lycee-saint-louis\\\/wp-content\\\/uploads\\\/sites\\\/3\\\/2020\\\/04\\\/IllustrationCDI-scaled-e1586251930202.jpg\",\"width\":1600,\"height\":1305},{\"@type\":\"BreadcrumbList\",\"@id\":\"https:\\\/\\\/saintlouis-lapaix.com\\\/lycee-saint-louis\\\/cdi\\\/#breadcrumb\",\"itemListElement\":[{\"@type\":\"ListItem\",\"position\":1,\"name\":\"Accueil\",\"item\":\"https:\\\/\\\/saintlouis-lapaix.com\\\/lycee-saint-louis\\\/\"},{\"@type\":\"ListItem\",\"position\":2,\"name\":\"CDI\"}]},{\"@type\":\"WebSite\",\"@id\":\"https:\\\/\\\/saintlouis-lapaix.com\\\/lycee-saint-louis\\\/#website\",\"url\":\"https:\\\/\\\/saintlouis-lapaix.com\\\/lycee-saint-louis\\\/\",\"name\":\"Lyc\u00e9e Saint-Louis\",\"description\":\"Lyc\u00e9e d\u2019Enseignement G\u00e9n\u00e9ral et Technologique\",\"potentialAction\":[{\"@type\":\"SearchAction\",\"target\":{\"@type\":\"EntryPoint\",\"urlTemplate\":\"https:\\\/\\\/saintlouis-lapaix.com\\\/lycee-saint-louis\\\/?s={search_term_string}\"},\"query-input\":{\"@type\":\"PropertyValueSpecification\",\"valueRequired\":true,\"valueName\":\"search_term_string\"}}],\"inLanguage\":\"fr-FR\"}]}<\/script>\n<!-- \/ Yoast SEO plugin. -->","yoast_head_json":{"title":"CDI - Lyc\u00e9e Saint-Louis","robots":{"index":"index","follow":"follow","max-snippet":"max-snippet:-1","max-image-preview":"max-image-preview:large","max-video-preview":"max-video-preview:-1"},"canonical":"https:\/\/saintlouis-lapaix.com\/lycee-saint-louis\/cdi\/","og_locale":"fr_FR","og_type":"article","og_title":"CDI - Lyc\u00e9e Saint-Louis","og_description":"Bienvenue au CDI du lyc\u00e9e Saint-Louis Situ\u00e9 au c\u0153ur de l\u2019\u00e9tablissement, le CDI est ouvert de 8h \u00e0 17h30. Deux&hellip;","og_url":"https:\/\/saintlouis-lapaix.com\/lycee-saint-louis\/cdi\/","og_site_name":"Lyc\u00e9e Saint-Louis","article_modified_time":"2025-12-09T13:48:50+00:00","og_image":[{"width":1600,"height":1305,"url":"https:\/\/saintlouis-lapaix.com\/lycee-saint-louis\/wp-content\/uploads\/sites\/3\/2020\/04\/IllustrationCDI-scaled-e1586251930202.jpg","type":"image\/jpeg"}],"twitter_card":"summary_large_image","twitter_misc":{"Dur\u00e9e de lecture estim\u00e9e":"2 minutes"},"schema":{"@context":"https:\/\/schema.org","@graph":[{"@type":"WebPage","@id":"https:\/\/saintlouis-lapaix.com\/lycee-saint-louis\/cdi\/","url":"https:\/\/saintlouis-lapaix.com\/lycee-saint-louis\/cdi\/","name":"CDI - Lyc\u00e9e Saint-Louis","isPartOf":{"@id":"https:\/\/saintlouis-lapaix.com\/lycee-saint-louis\/#website"},"primaryImageOfPage":{"@id":"https:\/\/saintlouis-lapaix.com\/lycee-saint-louis\/cdi\/#primaryimage"},"image":{"@id":"https:\/\/saintlouis-lapaix.com\/lycee-saint-louis\/cdi\/#primaryimage"},"thumbnailUrl":"https:\/\/saintlouis-lapaix.com\/lycee-saint-louis\/wp-content\/uploads\/sites\/3\/2020\/04\/IllustrationCDI-scaled-e1586251930202.jpg","datePublished":"2019-05-28T13:04:25+00:00","dateModified":"2025-12-09T13:48:50+00:00","breadcrumb":{"@id":"https:\/\/saintlouis-lapaix.com\/lycee-saint-louis\/cdi\/#breadcrumb"},"inLanguage":"fr-FR","potentialAction":[{"@type":"ReadAction","target":["https:\/\/saintlouis-lapaix.com\/lycee-saint-louis\/cdi\/"]}]},{"@type":"ImageObject","inLanguage":"fr-FR","@id":"https:\/\/saintlouis-lapaix.com\/lycee-saint-louis\/cdi\/#primaryimage","url":"https:\/\/saintlouis-lapaix.com\/lycee-saint-louis\/wp-content\/uploads\/sites\/3\/2020\/04\/IllustrationCDI-scaled-e1586251930202.jpg","contentUrl":"https:\/\/saintlouis-lapaix.com\/lycee-saint-louis\/wp-content\/uploads\/sites\/3\/2020\/04\/IllustrationCDI-scaled-e1586251930202.jpg","width":1600,"height":1305},{"@type":"BreadcrumbList","@id":"https:\/\/saintlouis-lapaix.com\/lycee-saint-louis\/cdi\/#breadcrumb","itemListElement":[{"@type":"ListItem","position":1,"name":"Accueil","item":"https:\/\/saintlouis-lapaix.com\/lycee-saint-louis\/"},{"@type":"ListItem","position":2,"name":"CDI"}]},{"@type":"WebSite","@id":"https:\/\/saintlouis-lapaix.com\/lycee-saint-louis\/#website","url":"https:\/\/saintlouis-lapaix.com\/lycee-saint-louis\/","name":"Lyc\u00e9e Saint-Louis","description":"Lyc\u00e9e d\u2019Enseignement G\u00e9n\u00e9ral et Technologique","potentialAction":[{"@type":"SearchAction","target":{"@type":"EntryPoint","urlTemplate":"https:\/\/saintlouis-lapaix.com\/lycee-saint-louis\/?s={search_term_string}"},"query-input":{"@type":"PropertyValueSpecification","valueRequired":true,"valueName":"search_term_string"}}],"inLanguage":"fr-FR"}]}},"_links":{"self":[{"href":"https:\/\/saintlouis-lapaix.com\/lycee-saint-louis\/wp-json\/wp\/v2\/pages\/447","targetHints":{"allow":["GET"]}}],"collection":[{"href":"https:\/\/saintlouis-lapaix.com\/lycee-saint-louis\/wp-json\/wp\/v2\/pages"}],"about":[{"href":"https:\/\/saintlouis-lapaix.com\/lycee-saint-louis\/wp-json\/wp\/v2\/types\/page"}],"author":[{"embeddable":true,"href":"https:\/\/saintlouis-lapaix.com\/lycee-saint-louis\/wp-json\/wp\/v2\/users\/3"}],"replies":[{"embeddable":true,"href":"https:\/\/saintlouis-lapaix.com\/lycee-saint-louis\/wp-json\/wp\/v2\/comments?post=447"}],"version-history":[{"count":24,"href":"https:\/\/saintlouis-lapaix.com\/lycee-saint-louis\/wp-json\/wp\/v2\/pages\/447\/revisions"}],"predecessor-version":[{"id":4068,"href":"https:\/\/saintlouis-lapaix.com\/lycee-saint-louis\/wp-json\/wp\/v2\/pages\/447\/revisions\/4068"}],"wp:featuredmedia":[{"embeddable":true,"href":"https:\/\/saintlouis-lapaix.com\/lycee-saint-louis\/wp-json\/wp\/v2\/media\/856"}],"wp:attachment":[{"href":"https:\/\/saintlouis-lapaix.com\/lycee-saint-louis\/wp-json\/wp\/v2\/media?parent=447"}],"curies":[{"name":"wp","href":"https:\/\/api.w.org\/{rel}","templated":true}]}}