{"id":2241,"date":"2023-02-28T10:17:20","date_gmt":"2023-02-28T09:17:20","guid":{"rendered":"https:\/\/saintlouis-lapaix.com\/lycee-saint-louis\/?page_id=2241"},"modified":"2025-12-04T09:02:45","modified_gmt":"2025-12-04T08:02:45","slug":"st2s-sciences-et-technologies-de-la-sante-et-du-social","status":"publish","type":"page","link":"https:\/\/saintlouis-lapaix.com\/lycee-saint-louis\/formations\/bac-technologique\/st2s-sciences-et-technologies-de-la-sante-et-du-social\/","title":{"rendered":"ST2S : Sciences et Technologies de la Sant\u00e9 et du Social"},"content":{"rendered":"<p>L&rsquo;\u00e9tude de la biologie humaine, la connaissance psychologique des individus et des groupes, l\u2019\u00e9tude des faits sociaux et des probl\u00e8mes de sant\u00e9, les institutions sanitaires et sociales constituent les enseignements dominants de ce bac.<\/p>\n<h3><strong>En premi\u00e8re 3 sp\u00e9cialit\u00e9s :<\/strong><\/h3>\n<p>\u2022 Sciences et techniques sanitaires et sociales<br \/>\n\u2022 Biologie et physiopathologie humaine<br \/>\n\u2022 Physique chimie pour la sant\u00e9<\/p>\n<h3><strong>En terminale 2 sp\u00e9cialit\u00e9s :<\/strong><\/h3>\n<p>\u2022 Sciences et techniques sanitaires et sociales<br \/>\n\u2022 Chimie biologie et physiopathologie humaine<\/p>\n<h2><span style=\"color: #993366;\">Pour qui ?<\/span><\/h2>\n<p>Les \u00e9l\u00e8ves attir\u00e9s par les relations humaines et le travail sanitaire et social.<\/p>\n<p>Qualit\u00e9s souhait\u00e9es : autonomie, esprit d\u2019initiative, sens du contact, aptitude \u00e0 communiquer et \u00e0 travailler en \u00e9quipe.<\/p>\n<h2><span style=\"color: #993366;\">Poursuite d&rsquo;\u00e9tudes<\/span><\/h2>\n<p>Elle pr\u00e9pare aux m\u00e9tiers dans les secteurs du social et du param\u00e9dical :<\/p>\n<p>Les \u00e9tudes apr\u00e8s le BAC :<\/p>\n<p>\u2022 Licences pour les \u00e9l\u00e8ves motiv\u00e9s<br \/>\n\u2022 Dans le domaine du param\u00e9dical : IFSI (\u00c9cole d\u2019infirmier), BTS Di\u00e9t\u00e9tique, BTS ABM (Analyses de Biologie M\u00e9dicale), DTS IMRT (Imagerie M\u00e9dicale et Radiologie Th\u00e9rapeutique)<br \/>\n\u2022 Dans le domaine du social : BTS ESF (\u00c9conomie Sociale et Familiale), BTS SP3S (Services et Prestations des Secteurs Sanitaire et Social), BUT Carri\u00e8res Sociales, etc.<\/p>\n<p><img loading=\"lazy\" decoding=\"async\" class=\"alignnone wp-image-3356 size-large\" src=\"https:\/\/saintlouis-lapaix.com\/lycee-saint-louis\/wp-content\/uploads\/sites\/3\/2025\/02\/Le-Bac-ST2S_Page_1-724x1024.jpg\" alt=\"\" width=\"724\" height=\"1024\" srcset=\"https:\/\/saintlouis-lapaix.com\/lycee-saint-louis\/wp-content\/uploads\/sites\/3\/2025\/02\/Le-Bac-ST2S_Page_1-724x1024.jpg 724w, https:\/\/saintlouis-lapaix.com\/lycee-saint-louis\/wp-content\/uploads\/sites\/3\/2025\/02\/Le-Bac-ST2S_Page_1-212x300.jpg 212w, https:\/\/saintlouis-lapaix.com\/lycee-saint-louis\/wp-content\/uploads\/sites\/3\/2025\/02\/Le-Bac-ST2S_Page_1-768x1086.jpg 768w, https:\/\/saintlouis-lapaix.com\/lycee-saint-louis\/wp-content\/uploads\/sites\/3\/2025\/02\/Le-Bac-ST2S_Page_1-1086x1536.jpg 1086w, https:\/\/saintlouis-lapaix.com\/lycee-saint-louis\/wp-content\/uploads\/sites\/3\/2025\/02\/Le-Bac-ST2S_Page_1-1448x2048.jpg 1448w, https:\/\/saintlouis-lapaix.com\/lycee-saint-louis\/wp-content\/uploads\/sites\/3\/2025\/02\/Le-Bac-ST2S_Page_1-1200x1697.jpg 1200w, https:\/\/saintlouis-lapaix.com\/lycee-saint-louis\/wp-content\/uploads\/sites\/3\/2025\/02\/Le-Bac-ST2S_Page_1.jpg 1654w\" sizes=\"auto, (max-width: 724px) 100vw, 724px\" \/> <img loading=\"lazy\" decoding=\"async\" class=\"alignnone wp-image-3357 size-large\" src=\"https:\/\/saintlouis-lapaix.com\/lycee-saint-louis\/wp-content\/uploads\/sites\/3\/2025\/02\/Le-Bac-ST2S_Page_2-724x1024.jpg\" alt=\"\" width=\"724\" height=\"1024\" srcset=\"https:\/\/saintlouis-lapaix.com\/lycee-saint-louis\/wp-content\/uploads\/sites\/3\/2025\/02\/Le-Bac-ST2S_Page_2-724x1024.jpg 724w, https:\/\/saintlouis-lapaix.com\/lycee-saint-louis\/wp-content\/uploads\/sites\/3\/2025\/02\/Le-Bac-ST2S_Page_2-212x300.jpg 212w, https:\/\/saintlouis-lapaix.com\/lycee-saint-louis\/wp-content\/uploads\/sites\/3\/2025\/02\/Le-Bac-ST2S_Page_2-768x1086.jpg 768w, https:\/\/saintlouis-lapaix.com\/lycee-saint-louis\/wp-content\/uploads\/sites\/3\/2025\/02\/Le-Bac-ST2S_Page_2-1086x1536.jpg 1086w, https:\/\/saintlouis-lapaix.com\/lycee-saint-louis\/wp-content\/uploads\/sites\/3\/2025\/02\/Le-Bac-ST2S_Page_2-1448x2048.jpg 1448w, https:\/\/saintlouis-lapaix.com\/lycee-saint-louis\/wp-content\/uploads\/sites\/3\/2025\/02\/Le-Bac-ST2S_Page_2-1200x1697.jpg 1200w, https:\/\/saintlouis-lapaix.com\/lycee-saint-louis\/wp-content\/uploads\/sites\/3\/2025\/02\/Le-Bac-ST2S_Page_2.jpg 1654w\" sizes=\"auto, (max-width: 724px) 100vw, 724px\" \/> <img loading=\"lazy\" decoding=\"async\" class=\"alignnone wp-image-3358 size-large\" src=\"https:\/\/saintlouis-lapaix.com\/lycee-saint-louis\/wp-content\/uploads\/sites\/3\/2025\/02\/Le-Bac-ST2S_Page_3-724x1024.jpg\" alt=\"\" width=\"724\" height=\"1024\" srcset=\"https:\/\/saintlouis-lapaix.com\/lycee-saint-louis\/wp-content\/uploads\/sites\/3\/2025\/02\/Le-Bac-ST2S_Page_3-724x1024.jpg 724w, https:\/\/saintlouis-lapaix.com\/lycee-saint-louis\/wp-content\/uploads\/sites\/3\/2025\/02\/Le-Bac-ST2S_Page_3-212x300.jpg 212w, https:\/\/saintlouis-lapaix.com\/lycee-saint-louis\/wp-content\/uploads\/sites\/3\/2025\/02\/Le-Bac-ST2S_Page_3-768x1086.jpg 768w, https:\/\/saintlouis-lapaix.com\/lycee-saint-louis\/wp-content\/uploads\/sites\/3\/2025\/02\/Le-Bac-ST2S_Page_3-1086x1536.jpg 1086w, https:\/\/saintlouis-lapaix.com\/lycee-saint-louis\/wp-content\/uploads\/sites\/3\/2025\/02\/Le-Bac-ST2S_Page_3-1448x2048.jpg 1448w, https:\/\/saintlouis-lapaix.com\/lycee-saint-louis\/wp-content\/uploads\/sites\/3\/2025\/02\/Le-Bac-ST2S_Page_3-1200x1697.jpg 1200w, https:\/\/saintlouis-lapaix.com\/lycee-saint-louis\/wp-content\/uploads\/sites\/3\/2025\/02\/Le-Bac-ST2S_Page_3.jpg 1654w\" sizes=\"auto, (max-width: 724px) 100vw, 724px\" \/> <img loading=\"lazy\" decoding=\"async\" class=\"alignnone wp-image-3359 size-large\" src=\"https:\/\/saintlouis-lapaix.com\/lycee-saint-louis\/wp-content\/uploads\/sites\/3\/2025\/02\/Le-Bac-ST2S_Page_4-724x1024.jpg\" alt=\"\" width=\"724\" height=\"1024\" srcset=\"https:\/\/saintlouis-lapaix.com\/lycee-saint-louis\/wp-content\/uploads\/sites\/3\/2025\/02\/Le-Bac-ST2S_Page_4-724x1024.jpg 724w, https:\/\/saintlouis-lapaix.com\/lycee-saint-louis\/wp-content\/uploads\/sites\/3\/2025\/02\/Le-Bac-ST2S_Page_4-212x300.jpg 212w, https:\/\/saintlouis-lapaix.com\/lycee-saint-louis\/wp-content\/uploads\/sites\/3\/2025\/02\/Le-Bac-ST2S_Page_4-768x1086.jpg 768w, https:\/\/saintlouis-lapaix.com\/lycee-saint-louis\/wp-content\/uploads\/sites\/3\/2025\/02\/Le-Bac-ST2S_Page_4-1086x1536.jpg 1086w, https:\/\/saintlouis-lapaix.com\/lycee-saint-louis\/wp-content\/uploads\/sites\/3\/2025\/02\/Le-Bac-ST2S_Page_4-1448x2048.jpg 1448w, https:\/\/saintlouis-lapaix.com\/lycee-saint-louis\/wp-content\/uploads\/sites\/3\/2025\/02\/Le-Bac-ST2S_Page_4-1200x1697.jpg 1200w, https:\/\/saintlouis-lapaix.com\/lycee-saint-louis\/wp-content\/uploads\/sites\/3\/2025\/02\/Le-Bac-ST2S_Page_4.jpg 1654w\" sizes=\"auto, (max-width: 724px) 100vw, 724px\" \/><\/p>\n<h2><span style=\"color: #993366;\"><a style=\"color: #993366;\" href=\"https:\/\/saintlouis-lapaix.com\/lycee-saint-louis\/wp-content\/uploads\/sites\/3\/2025\/02\/Le-Bac-ST2S.pdf\">T\u00e9l\u00e9charger la plaquette : le Bac ST2S<\/a> <\/span><\/h2>\n<h2><a href=\"https:\/\/view.genial.ly\/5fff15dafbb1810d15725bee\/guide-st2s-presentation\" target=\"_blank\" rel=\"noopener\"><span style=\"color: #993366;\">Pr\u00e9sentation de la s\u00e9rie ST2S<\/span><\/a><\/h2>\n<p><a href=\"https:\/\/view.genial.ly\/5fff15dafbb1810d15725bee\/guide-st2s-presentation\" target=\"_blank\" rel=\"attachment noopener wp-att-2278\"><img loading=\"lazy\" decoding=\"async\" class=\"alignnone wp-image-2278 size-full\" src=\"https:\/\/saintlouis-lapaix.com\/lycee-saint-louis\/wp-content\/uploads\/sites\/3\/2023\/03\/geniallyst2s.png\" alt=\"\" width=\"426\" height=\"238\" srcset=\"https:\/\/saintlouis-lapaix.com\/lycee-saint-louis\/wp-content\/uploads\/sites\/3\/2023\/03\/geniallyst2s.png 426w, https:\/\/saintlouis-lapaix.com\/lycee-saint-louis\/wp-content\/uploads\/sites\/3\/2023\/03\/geniallyst2s-300x168.png 300w\" sizes=\"auto, (max-width: 426px) 100vw, 426px\" \/><\/a><\/p>\n<h2>Les Archives en ST2S<\/h2>\n<blockquote class=\"wp-embedded-content\" data-secret=\"Sb6pCYPJKd\"><p><a href=\"https:\/\/saintlouis-lapaix.com\/lycee-saint-louis\/collecte-de-jouets-atelier-decouverte-de-la-filiere-st2s\/\">Collecte de jouets &#8211; Atelier d\u00e9couverte de la fili\u00e8re ST2S<\/a><\/p><\/blockquote>\n<p><div class=\"\" style=\"padding-bottom: 56.4%;\"><iframe loading=\"lazy\" class=\"wp-embedded-content\" sandbox=\"allow-scripts\" security=\"restricted\" style=\"position: absolute; visibility: hidden;\" title=\"\u00ab\u00a0Collecte de jouets &#8211; Atelier d\u00e9couverte de la fili\u00e8re ST2S\u00a0\u00bb &#8212; Lyc\u00e9e Saint-Louis\" src=\"https:\/\/saintlouis-lapaix.com\/lycee-saint-louis\/collecte-de-jouets-atelier-decouverte-de-la-filiere-st2s\/embed\/#?secret=ge6AiTRGoF#?secret=Sb6pCYPJKd\" data-secret=\"Sb6pCYPJKd\" width=\"500\" height=\"282\" frameborder=\"0\" marginwidth=\"0\" marginheight=\"0\" scrolling=\"no\"><\/iframe><\/div><\/p>\n<blockquote class=\"wp-embedded-content\" data-secret=\"bOjwjnhM7F\"><p><a href=\"https:\/\/saintlouis-lapaix.com\/lycee-saint-louis\/st2s-info-jeunes-lorient\/\">Les ST2S visitent le Service INFO JEUNES de Lorient<\/a><\/p><\/blockquote>\n<p><div class=\"\" style=\"padding-bottom: 56.4%;\"><iframe loading=\"lazy\" class=\"wp-embedded-content\" sandbox=\"allow-scripts\" security=\"restricted\" style=\"position: absolute; visibility: hidden;\" title=\"\u00ab\u00a0Les ST2S visitent le Service INFO JEUNES de Lorient\u00a0\u00bb &#8212; Lyc\u00e9e Saint-Louis\" src=\"https:\/\/saintlouis-lapaix.com\/lycee-saint-louis\/st2s-info-jeunes-lorient\/embed\/#?secret=TvVxfXW53Q#?secret=bOjwjnhM7F\" data-secret=\"bOjwjnhM7F\" width=\"500\" height=\"282\" frameborder=\"0\" marginwidth=\"0\" marginheight=\"0\" scrolling=\"no\"><\/iframe><\/div><\/p>\n<blockquote class=\"wp-embedded-content\" data-secret=\"V0Vs1MIPcJ\"><p><a href=\"https:\/\/saintlouis-lapaix.com\/lycee-saint-louis\/st2s-integration-en-trompe-loeil\/\">ST2S &#8211; Int\u00e9gration en trompe l&rsquo;oeil<\/a><\/p><\/blockquote>\n<p><div class=\"\" style=\"padding-bottom: 56.4%;\"><iframe loading=\"lazy\" class=\"wp-embedded-content\" sandbox=\"allow-scripts\" security=\"restricted\" style=\"position: absolute; visibility: hidden;\" title=\"\u00ab\u00a0ST2S &#8211; Int\u00e9gration en trompe l&rsquo;oeil\u00a0\u00bb &#8212; Lyc\u00e9e Saint-Louis\" src=\"https:\/\/saintlouis-lapaix.com\/lycee-saint-louis\/st2s-integration-en-trompe-loeil\/embed\/#?secret=CBYbkSVJ28#?secret=V0Vs1MIPcJ\" data-secret=\"V0Vs1MIPcJ\" width=\"500\" height=\"282\" frameborder=\"0\" marginwidth=\"0\" marginheight=\"0\" scrolling=\"no\"><\/iframe><\/div><\/p>\n<h2>Retrouvez-nous sur les r\u00e9seaux sociaux :<\/h2>\n<p><a href=\"https:\/\/www.facebook.com\/lyceesaintlouis.lorient\/\" target=\"_blank\" rel=\"noopener\"><img loading=\"lazy\" decoding=\"async\" class=\"alignnone wp-image-3930\" src=\"https:\/\/saintlouis-lapaix.com\/lycee-saint-louis\/wp-content\/uploads\/sites\/3\/2025\/11\/logo-facebook.png\" alt=\"\" width=\"54\" height=\"54\" \/><\/a><a href=\"https:\/\/www.facebook.com\/lyceesaintlouis.lorient\/\" target=\"_blank\" rel=\"noopener\">@lyceesaintlouis.lorient<\/a><\/p>\n<p><a href=\"https:\/\/www.instagram.com\/lyceesaintlouis\/\" target=\"_blank\" rel=\"noopener\"><img loading=\"lazy\" decoding=\"async\" class=\"alignnone wp-image-3931\" src=\"https:\/\/saintlouis-lapaix.com\/lycee-saint-louis\/wp-content\/uploads\/sites\/3\/2025\/11\/logo-instagram.jpeg\" alt=\"\" width=\"54\" height=\"54\" \/><\/a><a href=\"https:\/\/www.instagram.com\/lyceesaintlouis\/\" target=\"_blank\" rel=\"noopener\">@lyceesaintlouis<\/a><\/p>\n<p><a href=\"https:\/\/fr.linkedin.com\/school\/ lyc\u00e9e-saint-louis-lorient-56\/\" target=\"_blank\" rel=\"noopener\"><img loading=\"lazy\" decoding=\"async\" class=\"alignnone wp-image-3932\" src=\"https:\/\/saintlouis-lapaix.com\/lycee-saint-louis\/wp-content\/uploads\/sites\/3\/2025\/11\/logo-linkedin.png\" alt=\"\" width=\"51\" height=\"51\" \/><\/a><a href=\"https:\/\/youtube.com\/@lyceesaintlouis-lapaix9651?si=rAFYgpYMLHypt4Dn\" target=\"_blank\" rel=\"noopener\">@lyc\u00e9e-saint-louis-lorient-56<\/a><\/p>\n<p><a href=\"https:\/\/youtube.com\/@lyceesaintlouis-lapaix9651?si=rAFYgpYMLHypt4Dn\" target=\"_blank\" rel=\"noopener\"><img loading=\"lazy\" decoding=\"async\" class=\"alignnone wp-image-3933\" src=\"https:\/\/saintlouis-lapaix.com\/lycee-saint-louis\/wp-content\/uploads\/sites\/3\/2025\/11\/logo-youtube.jpeg\" alt=\"\" width=\"110\" height=\"60\" \/><\/a><a href=\"https:\/\/youtube.com\/@lyceesaintlouis-lapaix9651?si=rAFYgpYMLHypt4Dn\" target=\"_blank\" rel=\"noopener\">@lyceesaintlouis-lapaix9651<\/a><\/p>\n<h2>En savoir plus sur les autres formations du groupe scolaire Saint-Louis La Paix :<\/h2>\n<ul>\n<li><strong><a href=\"https:\/\/saintlouis-lapaix.com\/lycee-saint-louis\/formations\/bac-technologique\/\" target=\"_blank\" rel=\"noopener\">Nos 3 s\u00e9ries technologiques, STL, ST2S, STMG, au lyc\u00e9e Saint-Louis<\/a><\/strong><\/li>\n<li><strong><a href=\"https:\/\/saintlouis-lapaix.com\/lycee-la-paix\/enseignement-superieur\/\" target=\"_blank\" rel=\"noopener\">Le Campus La Paix et nos 6 formations de BTS\u00a0<\/a><\/strong><\/li>\n<li><strong><a href=\"https:\/\/saintlouis-lapaix.com\/lycee-la-paix\/\" target=\"_blank\" rel=\"noopener\">Le lyc\u00e9e professionnel Notre Dame de la Paix : 4 formations de Baccalaur\u00e9at Professionnel et 1 CAP Op\u00e9rateur\/trice Logistique<\/a><\/strong><\/li>\n<li><a href=\"https:\/\/saintlouis-lapaix.com\/college-saint-louis\/\" target=\"_blank\" rel=\"noopener\"><strong>Le Coll\u00e8ge Saint-Louis, \u00e0 Lorient<\/strong><\/a><\/li>\n<\/ul>\n","protected":false},"excerpt":{"rendered":"<p>L&rsquo;\u00e9tude de la biologie humaine, la connaissance psychologique des individus et des groupes, l\u2019\u00e9tude des faits sociaux et des probl\u00e8mes&hellip;<\/p>\n","protected":false},"author":12,"featured_media":0,"parent":291,"menu_order":0,"comment_status":"closed","ping_status":"closed","template":"","meta":{"_acf_changed":false,"footnotes":""},"class_list":["post-2241","page","type-page","status-publish","hentry"],"acf":[],"yoast_head":"<!-- This site is optimized with the Yoast SEO plugin v27.3 - https:\/\/yoast.com\/product\/yoast-seo-wordpress\/ -->\n<title>ST2S : Sciences et Technologies de la Sant\u00e9 et du Social - Lyc\u00e9e Saint-Louis<\/title>\n<meta name=\"robots\" content=\"index, follow, max-snippet:-1, max-image-preview:large, max-video-preview:-1\" \/>\n<link rel=\"canonical\" href=\"https:\/\/saintlouis-lapaix.com\/lycee-saint-louis\/formations\/bac-technologique\/st2s-sciences-et-technologies-de-la-sante-et-du-social\/\" \/>\n<meta property=\"og:locale\" content=\"fr_FR\" \/>\n<meta property=\"og:type\" content=\"article\" \/>\n<meta property=\"og:title\" content=\"ST2S : Sciences et Technologies de la Sant\u00e9 et du Social - Lyc\u00e9e Saint-Louis\" \/>\n<meta property=\"og:description\" content=\"L&rsquo;\u00e9tude de la biologie humaine, la connaissance psychologique des individus et des groupes, l\u2019\u00e9tude des faits sociaux et des probl\u00e8mes&hellip;\" \/>\n<meta property=\"og:url\" content=\"https:\/\/saintlouis-lapaix.com\/lycee-saint-louis\/formations\/bac-technologique\/st2s-sciences-et-technologies-de-la-sante-et-du-social\/\" \/>\n<meta property=\"og:site_name\" content=\"Lyc\u00e9e Saint-Louis\" \/>\n<meta property=\"article:modified_time\" content=\"2025-12-04T08:02:45+00:00\" \/>\n<meta property=\"og:image\" content=\"https:\/\/saintlouis-lapaix.com\/lycee-saint-louis\/wp-content\/uploads\/sites\/3\/2025\/02\/Le-Bac-ST2S_Page_1.jpg\" \/>\n\t<meta property=\"og:image:width\" content=\"1654\" \/>\n\t<meta property=\"og:image:height\" content=\"2339\" \/>\n\t<meta property=\"og:image:type\" content=\"image\/jpeg\" \/>\n<meta name=\"twitter:card\" content=\"summary_large_image\" \/>\n<meta name=\"twitter:label1\" content=\"Dur\u00e9e de lecture estim\u00e9e\" \/>\n\t<meta name=\"twitter:data1\" content=\"4 minutes\" \/>\n<script type=\"application\/ld+json\" class=\"yoast-schema-graph\">{\"@context\":\"https:\\\/\\\/schema.org\",\"@graph\":[{\"@type\":\"WebPage\",\"@id\":\"https:\\\/\\\/saintlouis-lapaix.com\\\/lycee-saint-louis\\\/formations\\\/bac-technologique\\\/st2s-sciences-et-technologies-de-la-sante-et-du-social\\\/\",\"url\":\"https:\\\/\\\/saintlouis-lapaix.com\\\/lycee-saint-louis\\\/formations\\\/bac-technologique\\\/st2s-sciences-et-technologies-de-la-sante-et-du-social\\\/\",\"name\":\"ST2S : Sciences et Technologies de la Sant\u00e9 et du Social - Lyc\u00e9e Saint-Louis\",\"isPartOf\":{\"@id\":\"https:\\\/\\\/saintlouis-lapaix.com\\\/lycee-saint-louis\\\/#website\"},\"primaryImageOfPage\":{\"@id\":\"https:\\\/\\\/saintlouis-lapaix.com\\\/lycee-saint-louis\\\/formations\\\/bac-technologique\\\/st2s-sciences-et-technologies-de-la-sante-et-du-social\\\/#primaryimage\"},\"image\":{\"@id\":\"https:\\\/\\\/saintlouis-lapaix.com\\\/lycee-saint-louis\\\/formations\\\/bac-technologique\\\/st2s-sciences-et-technologies-de-la-sante-et-du-social\\\/#primaryimage\"},\"thumbnailUrl\":\"https:\\\/\\\/saintlouis-lapaix.com\\\/lycee-saint-louis\\\/wp-content\\\/uploads\\\/sites\\\/3\\\/2025\\\/02\\\/Le-Bac-ST2S_Page_1-724x1024.jpg\",\"datePublished\":\"2023-02-28T09:17:20+00:00\",\"dateModified\":\"2025-12-04T08:02:45+00:00\",\"breadcrumb\":{\"@id\":\"https:\\\/\\\/saintlouis-lapaix.com\\\/lycee-saint-louis\\\/formations\\\/bac-technologique\\\/st2s-sciences-et-technologies-de-la-sante-et-du-social\\\/#breadcrumb\"},\"inLanguage\":\"fr-FR\",\"potentialAction\":[{\"@type\":\"ReadAction\",\"target\":[\"https:\\\/\\\/saintlouis-lapaix.com\\\/lycee-saint-louis\\\/formations\\\/bac-technologique\\\/st2s-sciences-et-technologies-de-la-sante-et-du-social\\\/\"]}]},{\"@type\":\"ImageObject\",\"inLanguage\":\"fr-FR\",\"@id\":\"https:\\\/\\\/saintlouis-lapaix.com\\\/lycee-saint-louis\\\/formations\\\/bac-technologique\\\/st2s-sciences-et-technologies-de-la-sante-et-du-social\\\/#primaryimage\",\"url\":\"https:\\\/\\\/saintlouis-lapaix.com\\\/lycee-saint-louis\\\/wp-content\\\/uploads\\\/sites\\\/3\\\/2025\\\/02\\\/Le-Bac-ST2S_Page_1.jpg\",\"contentUrl\":\"https:\\\/\\\/saintlouis-lapaix.com\\\/lycee-saint-louis\\\/wp-content\\\/uploads\\\/sites\\\/3\\\/2025\\\/02\\\/Le-Bac-ST2S_Page_1.jpg\",\"width\":1654,\"height\":2339},{\"@type\":\"BreadcrumbList\",\"@id\":\"https:\\\/\\\/saintlouis-lapaix.com\\\/lycee-saint-louis\\\/formations\\\/bac-technologique\\\/st2s-sciences-et-technologies-de-la-sante-et-du-social\\\/#breadcrumb\",\"itemListElement\":[{\"@type\":\"ListItem\",\"position\":1,\"name\":\"Accueil\",\"item\":\"https:\\\/\\\/saintlouis-lapaix.com\\\/lycee-saint-louis\\\/\"},{\"@type\":\"ListItem\",\"position\":2,\"name\":\"Formations\",\"item\":\"https:\\\/\\\/saintlouis-lapaix.com\\\/lycee-saint-louis\\\/formations\\\/\"},{\"@type\":\"ListItem\",\"position\":3,\"name\":\"Bacs de la Voie Technologique\",\"item\":\"https:\\\/\\\/saintlouis-lapaix.com\\\/lycee-saint-louis\\\/formations\\\/bac-technologique\\\/\"},{\"@type\":\"ListItem\",\"position\":4,\"name\":\"ST2S : Sciences et Technologies de la Sant\u00e9 et du Social\"}]},{\"@type\":\"WebSite\",\"@id\":\"https:\\\/\\\/saintlouis-lapaix.com\\\/lycee-saint-louis\\\/#website\",\"url\":\"https:\\\/\\\/saintlouis-lapaix.com\\\/lycee-saint-louis\\\/\",\"name\":\"Lyc\u00e9e Saint-Louis\",\"description\":\"Lyc\u00e9e d\u2019Enseignement G\u00e9n\u00e9ral et Technologique\",\"potentialAction\":[{\"@type\":\"SearchAction\",\"target\":{\"@type\":\"EntryPoint\",\"urlTemplate\":\"https:\\\/\\\/saintlouis-lapaix.com\\\/lycee-saint-louis\\\/?s={search_term_string}\"},\"query-input\":{\"@type\":\"PropertyValueSpecification\",\"valueRequired\":true,\"valueName\":\"search_term_string\"}}],\"inLanguage\":\"fr-FR\"}]}<\/script>\n<!-- \/ Yoast SEO plugin. -->","yoast_head_json":{"title":"ST2S : Sciences et Technologies de la Sant\u00e9 et du Social - Lyc\u00e9e Saint-Louis","robots":{"index":"index","follow":"follow","max-snippet":"max-snippet:-1","max-image-preview":"max-image-preview:large","max-video-preview":"max-video-preview:-1"},"canonical":"https:\/\/saintlouis-lapaix.com\/lycee-saint-louis\/formations\/bac-technologique\/st2s-sciences-et-technologies-de-la-sante-et-du-social\/","og_locale":"fr_FR","og_type":"article","og_title":"ST2S : Sciences et Technologies de la Sant\u00e9 et du Social - Lyc\u00e9e Saint-Louis","og_description":"L&rsquo;\u00e9tude de la biologie humaine, la connaissance psychologique des individus et des groupes, l\u2019\u00e9tude des faits sociaux et des probl\u00e8mes&hellip;","og_url":"https:\/\/saintlouis-lapaix.com\/lycee-saint-louis\/formations\/bac-technologique\/st2s-sciences-et-technologies-de-la-sante-et-du-social\/","og_site_name":"Lyc\u00e9e Saint-Louis","article_modified_time":"2025-12-04T08:02:45+00:00","og_image":[{"width":1654,"height":2339,"url":"https:\/\/saintlouis-lapaix.com\/lycee-saint-louis\/wp-content\/uploads\/sites\/3\/2025\/02\/Le-Bac-ST2S_Page_1.jpg","type":"image\/jpeg"}],"twitter_card":"summary_large_image","twitter_misc":{"Dur\u00e9e de lecture estim\u00e9e":"4 minutes"},"schema":{"@context":"https:\/\/schema.org","@graph":[{"@type":"WebPage","@id":"https:\/\/saintlouis-lapaix.com\/lycee-saint-louis\/formations\/bac-technologique\/st2s-sciences-et-technologies-de-la-sante-et-du-social\/","url":"https:\/\/saintlouis-lapaix.com\/lycee-saint-louis\/formations\/bac-technologique\/st2s-sciences-et-technologies-de-la-sante-et-du-social\/","name":"ST2S : Sciences et Technologies de la Sant\u00e9 et du Social - Lyc\u00e9e Saint-Louis","isPartOf":{"@id":"https:\/\/saintlouis-lapaix.com\/lycee-saint-louis\/#website"},"primaryImageOfPage":{"@id":"https:\/\/saintlouis-lapaix.com\/lycee-saint-louis\/formations\/bac-technologique\/st2s-sciences-et-technologies-de-la-sante-et-du-social\/#primaryimage"},"image":{"@id":"https:\/\/saintlouis-lapaix.com\/lycee-saint-louis\/formations\/bac-technologique\/st2s-sciences-et-technologies-de-la-sante-et-du-social\/#primaryimage"},"thumbnailUrl":"https:\/\/saintlouis-lapaix.com\/lycee-saint-louis\/wp-content\/uploads\/sites\/3\/2025\/02\/Le-Bac-ST2S_Page_1-724x1024.jpg","datePublished":"2023-02-28T09:17:20+00:00","dateModified":"2025-12-04T08:02:45+00:00","breadcrumb":{"@id":"https:\/\/saintlouis-lapaix.com\/lycee-saint-louis\/formations\/bac-technologique\/st2s-sciences-et-technologies-de-la-sante-et-du-social\/#breadcrumb"},"inLanguage":"fr-FR","potentialAction":[{"@type":"ReadAction","target":["https:\/\/saintlouis-lapaix.com\/lycee-saint-louis\/formations\/bac-technologique\/st2s-sciences-et-technologies-de-la-sante-et-du-social\/"]}]},{"@type":"ImageObject","inLanguage":"fr-FR","@id":"https:\/\/saintlouis-lapaix.com\/lycee-saint-louis\/formations\/bac-technologique\/st2s-sciences-et-technologies-de-la-sante-et-du-social\/#primaryimage","url":"https:\/\/saintlouis-lapaix.com\/lycee-saint-louis\/wp-content\/uploads\/sites\/3\/2025\/02\/Le-Bac-ST2S_Page_1.jpg","contentUrl":"https:\/\/saintlouis-lapaix.com\/lycee-saint-louis\/wp-content\/uploads\/sites\/3\/2025\/02\/Le-Bac-ST2S_Page_1.jpg","width":1654,"height":2339},{"@type":"BreadcrumbList","@id":"https:\/\/saintlouis-lapaix.com\/lycee-saint-louis\/formations\/bac-technologique\/st2s-sciences-et-technologies-de-la-sante-et-du-social\/#breadcrumb","itemListElement":[{"@type":"ListItem","position":1,"name":"Accueil","item":"https:\/\/saintlouis-lapaix.com\/lycee-saint-louis\/"},{"@type":"ListItem","position":2,"name":"Formations","item":"https:\/\/saintlouis-lapaix.com\/lycee-saint-louis\/formations\/"},{"@type":"ListItem","position":3,"name":"Bacs de la Voie Technologique","item":"https:\/\/saintlouis-lapaix.com\/lycee-saint-louis\/formations\/bac-technologique\/"},{"@type":"ListItem","position":4,"name":"ST2S : Sciences et Technologies de la Sant\u00e9 et du Social"}]},{"@type":"WebSite","@id":"https:\/\/saintlouis-lapaix.com\/lycee-saint-louis\/#website","url":"https:\/\/saintlouis-lapaix.com\/lycee-saint-louis\/","name":"Lyc\u00e9e Saint-Louis","description":"Lyc\u00e9e d\u2019Enseignement G\u00e9n\u00e9ral et Technologique","potentialAction":[{"@type":"SearchAction","target":{"@type":"EntryPoint","urlTemplate":"https:\/\/saintlouis-lapaix.com\/lycee-saint-louis\/?s={search_term_string}"},"query-input":{"@type":"PropertyValueSpecification","valueRequired":true,"valueName":"search_term_string"}}],"inLanguage":"fr-FR"}]}},"_links":{"self":[{"href":"https:\/\/saintlouis-lapaix.com\/lycee-saint-louis\/wp-json\/wp\/v2\/pages\/2241","targetHints":{"allow":["GET"]}}],"collection":[{"href":"https:\/\/saintlouis-lapaix.com\/lycee-saint-louis\/wp-json\/wp\/v2\/pages"}],"about":[{"href":"https:\/\/saintlouis-lapaix.com\/lycee-saint-louis\/wp-json\/wp\/v2\/types\/page"}],"author":[{"embeddable":true,"href":"https:\/\/saintlouis-lapaix.com\/lycee-saint-louis\/wp-json\/wp\/v2\/users\/12"}],"replies":[{"embeddable":true,"href":"https:\/\/saintlouis-lapaix.com\/lycee-saint-louis\/wp-json\/wp\/v2\/comments?post=2241"}],"version-history":[{"count":16,"href":"https:\/\/saintlouis-lapaix.com\/lycee-saint-louis\/wp-json\/wp\/v2\/pages\/2241\/revisions"}],"predecessor-version":[{"id":4002,"href":"https:\/\/saintlouis-lapaix.com\/lycee-saint-louis\/wp-json\/wp\/v2\/pages\/2241\/revisions\/4002"}],"up":[{"embeddable":true,"href":"https:\/\/saintlouis-lapaix.com\/lycee-saint-louis\/wp-json\/wp\/v2\/pages\/291"}],"wp:attachment":[{"href":"https:\/\/saintlouis-lapaix.com\/lycee-saint-louis\/wp-json\/wp\/v2\/media?parent=2241"}],"curies":[{"name":"wp","href":"https:\/\/api.w.org\/{rel}","templated":true}]}}