{"id":158,"date":"2019-02-11T07:28:00","date_gmt":"2019-02-11T06:28:00","guid":{"rendered":"https:\/\/saintlouis-lapaix.com\/lycee-saint-louis\/?page_id=158"},"modified":"2026-01-19T12:20:06","modified_gmt":"2026-01-19T11:20:06","slug":"theatre","status":"publish","type":"page","link":"https:\/\/saintlouis-lapaix.com\/lycee-saint-louis\/vie-lyceenne\/theatre\/","title":{"rendered":"Le Th\u00e9\u00e2tre au Lyc\u00e9e"},"content":{"rendered":"<p>Le Groupe Nord-Nord-Ouest, atelier th\u00e9\u00e2tre du lyc\u00e9e, est ouvert \u00e0 tout \u00e9l\u00e8ve d\u00e9sireux de s\u2019impliquer dans cette activit\u00e9, dans un esprit d\u2019ouverture, de d\u00e9couverte et de partage :<\/p>\n<ul>\n<li>ouverture intellectuelle et artistique<\/li>\n<li>d\u00e9couverte de soi-m\u00eame et des autres<\/li>\n<li>partage d\u2019un processus de cr\u00e9ation et d\u2019une exp\u00e9rience sc\u00e9nique.<\/li>\n<\/ul>\n<p><em>Anim\u00e9 par <strong>Yvon Raude (titulaire du Dipl\u00f4me d\u2019\u00c9tat d\u2019enseignement du th\u00e9\u00e2tre)<\/strong>, le groupe est amen\u00e9 \u00e0 pr\u00e9senter ses cr\u00e9ations au sein du lyc\u00e9e, mais aussi dans le cadre de divers festivals ou \u00e9v\u00e9nements.<\/em><\/p>\n<h2>Retrouvez-nous sur les r\u00e9seaux sociaux :<\/h2>\n<p><a href=\"https:\/\/www.facebook.com\/lyceesaintlouis.lorient\/\" target=\"_blank\" rel=\"noopener\"><img loading=\"lazy\" decoding=\"async\" class=\"alignnone wp-image-3930\" src=\"https:\/\/saintlouis-lapaix.com\/lycee-saint-louis\/wp-content\/uploads\/sites\/3\/2025\/11\/logo-facebook.png\" alt=\"\" width=\"54\" height=\"54\" \/><\/a><a href=\"https:\/\/www.facebook.com\/lyceesaintlouis.lorient\/\" target=\"_blank\" rel=\"noopener\">@lyceesaintlouis.lorient<\/a><\/p>\n<p><a href=\"https:\/\/www.instagram.com\/lyceesaintlouis\/\" target=\"_blank\" rel=\"noopener\"><img loading=\"lazy\" decoding=\"async\" class=\"alignnone wp-image-3931\" src=\"https:\/\/saintlouis-lapaix.com\/lycee-saint-louis\/wp-content\/uploads\/sites\/3\/2025\/11\/logo-instagram.jpeg\" alt=\"\" width=\"54\" height=\"54\" \/><\/a><a href=\"https:\/\/www.instagram.com\/lyceesaintlouis\/\" target=\"_blank\" rel=\"noopener\">@lyceesaintlouis<\/a><\/p>\n<p><a href=\"https:\/\/fr.linkedin.com\/school\/ lyc\u00e9e-saint-louis-lorient-56\/\" target=\"_blank\" rel=\"noopener\"><img loading=\"lazy\" decoding=\"async\" class=\"alignnone wp-image-3932\" src=\"https:\/\/saintlouis-lapaix.com\/lycee-saint-louis\/wp-content\/uploads\/sites\/3\/2025\/11\/logo-linkedin.png\" alt=\"\" width=\"51\" height=\"51\" \/><\/a><a href=\"https:\/\/youtube.com\/@lyceesaintlouis-lapaix9651?si=rAFYgpYMLHypt4Dn\" target=\"_blank\" rel=\"noopener\">@lyc\u00e9e-saint-louis-lorient-56<\/a><\/p>\n<p><a href=\"https:\/\/youtube.com\/@lyceesaintlouis-lapaix9651?si=rAFYgpYMLHypt4Dn\" target=\"_blank\" rel=\"noopener\"><img loading=\"lazy\" decoding=\"async\" class=\"alignnone wp-image-3933\" src=\"https:\/\/saintlouis-lapaix.com\/lycee-saint-louis\/wp-content\/uploads\/sites\/3\/2025\/11\/logo-youtube.jpeg\" alt=\"\" width=\"110\" height=\"60\" \/><\/a><a href=\"https:\/\/youtube.com\/@lyceesaintlouis-lapaix9651?si=rAFYgpYMLHypt4Dn\" target=\"_blank\" rel=\"noopener\">@lyceesaintlouis-lapaix9651<\/a><\/p>\n<h2>En savoir plus sur les autres formations du groupe scolaire Saint-Louis La Paix :<\/h2>\n<ul>\n<li><strong><a href=\"https:\/\/saintlouis-lapaix.com\/lycee-saint-louis\/formations\/bac-general\/\" target=\"_blank\" rel=\"noopener\">Nos 9 sp\u00e9cialit\u00e9s de la voie g\u00e9n\u00e9rale, au lyc\u00e9e Saint-Louis<\/a><\/strong><\/li>\n<li><strong><a href=\"https:\/\/saintlouis-lapaix.com\/lycee-saint-louis\/formations\/bac-technologique\/\" target=\"_blank\" rel=\"noopener\">Nos 3 s\u00e9ries technologiques, STL, ST2S, STMG, au lyc\u00e9e Saint-Louis<\/a><\/strong><\/li>\n<li><strong><a href=\"https:\/\/saintlouis-lapaix.com\/lycee-la-paix\/enseignement-superieur\/\" target=\"_blank\" rel=\"noopener\">Le Campus La Paix et nos 6 formations de BTS\u00a0<\/a><\/strong><\/li>\n<li><strong><a href=\"https:\/\/saintlouis-lapaix.com\/lycee-la-paix\/\" target=\"_blank\" rel=\"noopener\">Le lyc\u00e9e professionnel Notre Dame de la Paix : 4 formations de Baccalaur\u00e9at Professionnel et 1 CAP Op\u00e9rateur\/trice Logistique<\/a><\/strong><\/li>\n<li><a href=\"https:\/\/saintlouis-lapaix.com\/college-saint-louis\/\" target=\"_blank\" rel=\"noopener\"><strong>Le Coll\u00e8ge Saint-Louis, \u00e0 Lorient<\/strong><\/a><\/li>\n<\/ul>\n","protected":false},"excerpt":{"rendered":"<p>Le Groupe Nord-Nord-Ouest, atelier th\u00e9\u00e2tre du lyc\u00e9e, est ouvert \u00e0 tout \u00e9l\u00e8ve d\u00e9sireux de s\u2019impliquer dans cette activit\u00e9, dans un&hellip;<\/p>\n","protected":false},"author":1,"featured_media":450,"parent":218,"menu_order":0,"comment_status":"closed","ping_status":"closed","template":"","meta":{"_acf_changed":false,"footnotes":""},"class_list":["post-158","page","type-page","status-publish","has-post-thumbnail","hentry"],"acf":[],"yoast_head":"<!-- This site is optimized with the Yoast SEO plugin v27.3 - https:\/\/yoast.com\/product\/yoast-seo-wordpress\/ -->\n<title>Le Th\u00e9\u00e2tre au Lyc\u00e9e - Lyc\u00e9e Saint-Louis<\/title>\n<meta name=\"robots\" content=\"index, follow, max-snippet:-1, max-image-preview:large, max-video-preview:-1\" \/>\n<link rel=\"canonical\" href=\"https:\/\/saintlouis-lapaix.com\/lycee-saint-louis\/vie-lyceenne\/theatre\/\" \/>\n<meta property=\"og:locale\" content=\"fr_FR\" \/>\n<meta property=\"og:type\" content=\"article\" \/>\n<meta property=\"og:title\" content=\"Le Th\u00e9\u00e2tre au Lyc\u00e9e - Lyc\u00e9e Saint-Louis\" \/>\n<meta property=\"og:description\" content=\"Le Groupe Nord-Nord-Ouest, atelier th\u00e9\u00e2tre du lyc\u00e9e, est ouvert \u00e0 tout \u00e9l\u00e8ve d\u00e9sireux de s\u2019impliquer dans cette activit\u00e9, dans un&hellip;\" \/>\n<meta property=\"og:url\" content=\"https:\/\/saintlouis-lapaix.com\/lycee-saint-louis\/vie-lyceenne\/theatre\/\" \/>\n<meta property=\"og:site_name\" content=\"Lyc\u00e9e Saint-Louis\" \/>\n<meta property=\"article:modified_time\" content=\"2026-01-19T11:20:06+00:00\" \/>\n<meta property=\"og:image\" content=\"https:\/\/saintlouis-lapaix.com\/lycee-saint-louis\/wp-content\/uploads\/sites\/3\/2019\/05\/theatre.jpg\" \/>\n\t<meta property=\"og:image:width\" content=\"1920\" \/>\n\t<meta property=\"og:image:height\" content=\"1080\" \/>\n\t<meta property=\"og:image:type\" content=\"image\/jpeg\" \/>\n<meta name=\"twitter:card\" content=\"summary_large_image\" \/>\n<meta name=\"twitter:label1\" content=\"Dur\u00e9e de lecture estim\u00e9e\" \/>\n\t<meta name=\"twitter:data1\" content=\"2 minutes\" \/>\n<script type=\"application\/ld+json\" class=\"yoast-schema-graph\">{\"@context\":\"https:\\\/\\\/schema.org\",\"@graph\":[{\"@type\":\"WebPage\",\"@id\":\"https:\\\/\\\/saintlouis-lapaix.com\\\/lycee-saint-louis\\\/vie-lyceenne\\\/theatre\\\/\",\"url\":\"https:\\\/\\\/saintlouis-lapaix.com\\\/lycee-saint-louis\\\/vie-lyceenne\\\/theatre\\\/\",\"name\":\"Le Th\u00e9\u00e2tre au Lyc\u00e9e - Lyc\u00e9e Saint-Louis\",\"isPartOf\":{\"@id\":\"https:\\\/\\\/saintlouis-lapaix.com\\\/lycee-saint-louis\\\/#website\"},\"primaryImageOfPage\":{\"@id\":\"https:\\\/\\\/saintlouis-lapaix.com\\\/lycee-saint-louis\\\/vie-lyceenne\\\/theatre\\\/#primaryimage\"},\"image\":{\"@id\":\"https:\\\/\\\/saintlouis-lapaix.com\\\/lycee-saint-louis\\\/vie-lyceenne\\\/theatre\\\/#primaryimage\"},\"thumbnailUrl\":\"https:\\\/\\\/saintlouis-lapaix.com\\\/lycee-saint-louis\\\/wp-content\\\/uploads\\\/sites\\\/3\\\/2019\\\/05\\\/theatre.jpg\",\"datePublished\":\"2019-02-11T06:28:00+00:00\",\"dateModified\":\"2026-01-19T11:20:06+00:00\",\"breadcrumb\":{\"@id\":\"https:\\\/\\\/saintlouis-lapaix.com\\\/lycee-saint-louis\\\/vie-lyceenne\\\/theatre\\\/#breadcrumb\"},\"inLanguage\":\"fr-FR\",\"potentialAction\":[{\"@type\":\"ReadAction\",\"target\":[\"https:\\\/\\\/saintlouis-lapaix.com\\\/lycee-saint-louis\\\/vie-lyceenne\\\/theatre\\\/\"]}]},{\"@type\":\"ImageObject\",\"inLanguage\":\"fr-FR\",\"@id\":\"https:\\\/\\\/saintlouis-lapaix.com\\\/lycee-saint-louis\\\/vie-lyceenne\\\/theatre\\\/#primaryimage\",\"url\":\"https:\\\/\\\/saintlouis-lapaix.com\\\/lycee-saint-louis\\\/wp-content\\\/uploads\\\/sites\\\/3\\\/2019\\\/05\\\/theatre.jpg\",\"contentUrl\":\"https:\\\/\\\/saintlouis-lapaix.com\\\/lycee-saint-louis\\\/wp-content\\\/uploads\\\/sites\\\/3\\\/2019\\\/05\\\/theatre.jpg\",\"width\":1920,\"height\":1080},{\"@type\":\"BreadcrumbList\",\"@id\":\"https:\\\/\\\/saintlouis-lapaix.com\\\/lycee-saint-louis\\\/vie-lyceenne\\\/theatre\\\/#breadcrumb\",\"itemListElement\":[{\"@type\":\"ListItem\",\"position\":1,\"name\":\"Accueil\",\"item\":\"https:\\\/\\\/saintlouis-lapaix.com\\\/lycee-saint-louis\\\/\"},{\"@type\":\"ListItem\",\"position\":2,\"name\":\"Vie Lyc\u00e9enne\",\"item\":\"https:\\\/\\\/saintlouis-lapaix.com\\\/lycee-saint-louis\\\/vie-lyceenne\\\/\"},{\"@type\":\"ListItem\",\"position\":3,\"name\":\"Le Th\u00e9\u00e2tre au Lyc\u00e9e\"}]},{\"@type\":\"WebSite\",\"@id\":\"https:\\\/\\\/saintlouis-lapaix.com\\\/lycee-saint-louis\\\/#website\",\"url\":\"https:\\\/\\\/saintlouis-lapaix.com\\\/lycee-saint-louis\\\/\",\"name\":\"Lyc\u00e9e Saint-Louis\",\"description\":\"Lyc\u00e9e d\u2019Enseignement G\u00e9n\u00e9ral et Technologique\",\"potentialAction\":[{\"@type\":\"SearchAction\",\"target\":{\"@type\":\"EntryPoint\",\"urlTemplate\":\"https:\\\/\\\/saintlouis-lapaix.com\\\/lycee-saint-louis\\\/?s={search_term_string}\"},\"query-input\":{\"@type\":\"PropertyValueSpecification\",\"valueRequired\":true,\"valueName\":\"search_term_string\"}}],\"inLanguage\":\"fr-FR\"}]}<\/script>\n<!-- \/ Yoast SEO plugin. -->","yoast_head_json":{"title":"Le Th\u00e9\u00e2tre au Lyc\u00e9e - Lyc\u00e9e Saint-Louis","robots":{"index":"index","follow":"follow","max-snippet":"max-snippet:-1","max-image-preview":"max-image-preview:large","max-video-preview":"max-video-preview:-1"},"canonical":"https:\/\/saintlouis-lapaix.com\/lycee-saint-louis\/vie-lyceenne\/theatre\/","og_locale":"fr_FR","og_type":"article","og_title":"Le Th\u00e9\u00e2tre au Lyc\u00e9e - Lyc\u00e9e Saint-Louis","og_description":"Le Groupe Nord-Nord-Ouest, atelier th\u00e9\u00e2tre du lyc\u00e9e, est ouvert \u00e0 tout \u00e9l\u00e8ve d\u00e9sireux de s\u2019impliquer dans cette activit\u00e9, dans un&hellip;","og_url":"https:\/\/saintlouis-lapaix.com\/lycee-saint-louis\/vie-lyceenne\/theatre\/","og_site_name":"Lyc\u00e9e Saint-Louis","article_modified_time":"2026-01-19T11:20:06+00:00","og_image":[{"width":1920,"height":1080,"url":"https:\/\/saintlouis-lapaix.com\/lycee-saint-louis\/wp-content\/uploads\/sites\/3\/2019\/05\/theatre.jpg","type":"image\/jpeg"}],"twitter_card":"summary_large_image","twitter_misc":{"Dur\u00e9e de lecture estim\u00e9e":"2 minutes"},"schema":{"@context":"https:\/\/schema.org","@graph":[{"@type":"WebPage","@id":"https:\/\/saintlouis-lapaix.com\/lycee-saint-louis\/vie-lyceenne\/theatre\/","url":"https:\/\/saintlouis-lapaix.com\/lycee-saint-louis\/vie-lyceenne\/theatre\/","name":"Le Th\u00e9\u00e2tre au Lyc\u00e9e - Lyc\u00e9e Saint-Louis","isPartOf":{"@id":"https:\/\/saintlouis-lapaix.com\/lycee-saint-louis\/#website"},"primaryImageOfPage":{"@id":"https:\/\/saintlouis-lapaix.com\/lycee-saint-louis\/vie-lyceenne\/theatre\/#primaryimage"},"image":{"@id":"https:\/\/saintlouis-lapaix.com\/lycee-saint-louis\/vie-lyceenne\/theatre\/#primaryimage"},"thumbnailUrl":"https:\/\/saintlouis-lapaix.com\/lycee-saint-louis\/wp-content\/uploads\/sites\/3\/2019\/05\/theatre.jpg","datePublished":"2019-02-11T06:28:00+00:00","dateModified":"2026-01-19T11:20:06+00:00","breadcrumb":{"@id":"https:\/\/saintlouis-lapaix.com\/lycee-saint-louis\/vie-lyceenne\/theatre\/#breadcrumb"},"inLanguage":"fr-FR","potentialAction":[{"@type":"ReadAction","target":["https:\/\/saintlouis-lapaix.com\/lycee-saint-louis\/vie-lyceenne\/theatre\/"]}]},{"@type":"ImageObject","inLanguage":"fr-FR","@id":"https:\/\/saintlouis-lapaix.com\/lycee-saint-louis\/vie-lyceenne\/theatre\/#primaryimage","url":"https:\/\/saintlouis-lapaix.com\/lycee-saint-louis\/wp-content\/uploads\/sites\/3\/2019\/05\/theatre.jpg","contentUrl":"https:\/\/saintlouis-lapaix.com\/lycee-saint-louis\/wp-content\/uploads\/sites\/3\/2019\/05\/theatre.jpg","width":1920,"height":1080},{"@type":"BreadcrumbList","@id":"https:\/\/saintlouis-lapaix.com\/lycee-saint-louis\/vie-lyceenne\/theatre\/#breadcrumb","itemListElement":[{"@type":"ListItem","position":1,"name":"Accueil","item":"https:\/\/saintlouis-lapaix.com\/lycee-saint-louis\/"},{"@type":"ListItem","position":2,"name":"Vie Lyc\u00e9enne","item":"https:\/\/saintlouis-lapaix.com\/lycee-saint-louis\/vie-lyceenne\/"},{"@type":"ListItem","position":3,"name":"Le Th\u00e9\u00e2tre au Lyc\u00e9e"}]},{"@type":"WebSite","@id":"https:\/\/saintlouis-lapaix.com\/lycee-saint-louis\/#website","url":"https:\/\/saintlouis-lapaix.com\/lycee-saint-louis\/","name":"Lyc\u00e9e Saint-Louis","description":"Lyc\u00e9e d\u2019Enseignement G\u00e9n\u00e9ral et Technologique","potentialAction":[{"@type":"SearchAction","target":{"@type":"EntryPoint","urlTemplate":"https:\/\/saintlouis-lapaix.com\/lycee-saint-louis\/?s={search_term_string}"},"query-input":{"@type":"PropertyValueSpecification","valueRequired":true,"valueName":"search_term_string"}}],"inLanguage":"fr-FR"}]}},"_links":{"self":[{"href":"https:\/\/saintlouis-lapaix.com\/lycee-saint-louis\/wp-json\/wp\/v2\/pages\/158","targetHints":{"allow":["GET"]}}],"collection":[{"href":"https:\/\/saintlouis-lapaix.com\/lycee-saint-louis\/wp-json\/wp\/v2\/pages"}],"about":[{"href":"https:\/\/saintlouis-lapaix.com\/lycee-saint-louis\/wp-json\/wp\/v2\/types\/page"}],"author":[{"embeddable":true,"href":"https:\/\/saintlouis-lapaix.com\/lycee-saint-louis\/wp-json\/wp\/v2\/users\/1"}],"replies":[{"embeddable":true,"href":"https:\/\/saintlouis-lapaix.com\/lycee-saint-louis\/wp-json\/wp\/v2\/comments?post=158"}],"version-history":[{"count":11,"href":"https:\/\/saintlouis-lapaix.com\/lycee-saint-louis\/wp-json\/wp\/v2\/pages\/158\/revisions"}],"predecessor-version":[{"id":4139,"href":"https:\/\/saintlouis-lapaix.com\/lycee-saint-louis\/wp-json\/wp\/v2\/pages\/158\/revisions\/4139"}],"up":[{"embeddable":true,"href":"https:\/\/saintlouis-lapaix.com\/lycee-saint-louis\/wp-json\/wp\/v2\/pages\/218"}],"wp:featuredmedia":[{"embeddable":true,"href":"https:\/\/saintlouis-lapaix.com\/lycee-saint-louis\/wp-json\/wp\/v2\/media\/450"}],"wp:attachment":[{"href":"https:\/\/saintlouis-lapaix.com\/lycee-saint-louis\/wp-json\/wp\/v2\/media?parent=158"}],"curies":[{"name":"wp","href":"https:\/\/api.w.org\/{rel}","templated":true}]}}