{"id":10,"date":"2018-12-06T10:56:54","date_gmt":"2018-12-06T09:56:54","guid":{"rendered":"https:\/\/saintlouis-lapaix.com\/lycee-saint-louis\/?page_id=10"},"modified":"2019-02-26T11:24:16","modified_gmt":"2019-02-26T10:24:16","slug":"international","status":"publish","type":"page","link":"https:\/\/saintlouis-lapaix.com\/lycee-saint-louis\/international\/","title":{"rendered":"International"},"content":{"rendered":"<h2>L&rsquo;OUVERTURE \u00c0 L&rsquo;INTERNATIONAL<\/h2>\n<p>Pour pr\u00e9parer les \u00e9l\u00e8ves aux \u00e9tudes sup\u00e9rieures, \u00e0 l\u2019insertion<br \/>\nsociale et professionnelle, diff\u00e9rents dispositifs ouverts \u00e0<br \/>\nl\u2019international sont propos\u00e9s :<\/p>\n<h3>Mobilit\u00e9 collective :<\/h3>\n<ul>\n<li>des voyages linguistiques et culturels en Europe ou plus loin dans le monde : Grande Bretagne, Espagne, Irlande, P\u00e9rou, Chine, Japon,<\/li>\n<li>des \u00e9changes avec des \u00e9tablissements situ\u00e9s : \u00e0 Ludwigshafen, \u00e0 Calcutta, \u00e0 P\u00e9kin<\/li>\n<\/ul>\n<h3>Mobilit\u00e9 individuelle :<\/h3>\n<p>Les dispositifs de mobilit\u00e9 individuelle sont bas\u00e9s sur un d\u00e9part \u00e0 l\u2019\u00e9tranger en lien avec un correspondant accueilli au lyc\u00e9e et en famille.<\/p>\n<ul>\n<li>programmes Brigitte Sauzay et Voltaire pour une mobilit\u00e9 individuelle respective de 3 mois et 6 mois en Allemagne pour des \u00e9l\u00e8ves de seconde.<\/li>\n<li>programme KIS pour une mobilit\u00e9 individuelle en Inde au lyc\u00e9e international de Kodaikanal dans le Tamil Nadu (lyc\u00e9e am\u00e9ricain)<br \/>\npour les secondes : mobilit\u00e9 individuelle de 3 mois.<br \/>\npour les premi\u00e8res : mobilit\u00e9 individuelle d\u2019un mois et demi<\/li>\n<li>mobilit\u00e9 individuelle au lyc\u00e9e N\u00b0165 de P\u00e9kin (sans r\u00e9ciprocit\u00e9)<\/li>\n<\/ul>\n<p>Accueil au lyc\u00e9e et en famille, d\u2019\u00e9l\u00e8ves de diff\u00e9rentes nationalit\u00e9s : p\u00e9ruviens, mexicains, japonais, n\u00e9o-z\u00e9landais, australiens&#8230;<\/p>\n<p>Accueil de Volontaires Europ\u00e9ens<\/p>\n","protected":false},"excerpt":{"rendered":"<p>L&rsquo;OUVERTURE \u00c0 L&rsquo;INTERNATIONAL Pour pr\u00e9parer les \u00e9l\u00e8ves aux \u00e9tudes sup\u00e9rieures, \u00e0 l\u2019insertion sociale et professionnelle, diff\u00e9rents dispositifs ouverts \u00e0 l\u2019international&hellip;<\/p>\n","protected":false},"author":1,"featured_media":0,"parent":0,"menu_order":0,"comment_status":"closed","ping_status":"closed","template":"","meta":{"_acf_changed":false,"footnotes":""},"class_list":["post-10","page","type-page","status-publish","hentry"],"acf":[],"yoast_head":"<!-- This site is optimized with the Yoast SEO plugin v27.3 - https:\/\/yoast.com\/product\/yoast-seo-wordpress\/ -->\n<title>International - Lyc\u00e9e Saint-Louis<\/title>\n<meta name=\"robots\" content=\"index, follow, max-snippet:-1, max-image-preview:large, max-video-preview:-1\" \/>\n<link rel=\"canonical\" href=\"https:\/\/saintlouis-lapaix.com\/lycee-saint-louis\/international\/\" \/>\n<meta property=\"og:locale\" content=\"fr_FR\" \/>\n<meta property=\"og:type\" content=\"article\" \/>\n<meta property=\"og:title\" content=\"International - Lyc\u00e9e Saint-Louis\" \/>\n<meta property=\"og:description\" content=\"L&rsquo;OUVERTURE \u00c0 L&rsquo;INTERNATIONAL Pour pr\u00e9parer les \u00e9l\u00e8ves aux \u00e9tudes sup\u00e9rieures, \u00e0 l\u2019insertion sociale et professionnelle, diff\u00e9rents dispositifs ouverts \u00e0 l\u2019international&hellip;\" \/>\n<meta property=\"og:url\" content=\"https:\/\/saintlouis-lapaix.com\/lycee-saint-louis\/international\/\" \/>\n<meta property=\"og:site_name\" content=\"Lyc\u00e9e Saint-Louis\" \/>\n<meta property=\"article:modified_time\" content=\"2019-02-26T10:24:16+00:00\" \/>\n<meta name=\"twitter:card\" content=\"summary_large_image\" \/>\n<meta name=\"twitter:label1\" content=\"Dur\u00e9e de lecture estim\u00e9e\" \/>\n\t<meta name=\"twitter:data1\" content=\"1 minute\" \/>\n<script type=\"application\/ld+json\" class=\"yoast-schema-graph\">{\"@context\":\"https:\\\/\\\/schema.org\",\"@graph\":[{\"@type\":\"WebPage\",\"@id\":\"https:\\\/\\\/saintlouis-lapaix.com\\\/lycee-saint-louis\\\/international\\\/\",\"url\":\"https:\\\/\\\/saintlouis-lapaix.com\\\/lycee-saint-louis\\\/international\\\/\",\"name\":\"International - Lyc\u00e9e Saint-Louis\",\"isPartOf\":{\"@id\":\"https:\\\/\\\/saintlouis-lapaix.com\\\/lycee-saint-louis\\\/#website\"},\"datePublished\":\"2018-12-06T09:56:54+00:00\",\"dateModified\":\"2019-02-26T10:24:16+00:00\",\"breadcrumb\":{\"@id\":\"https:\\\/\\\/saintlouis-lapaix.com\\\/lycee-saint-louis\\\/international\\\/#breadcrumb\"},\"inLanguage\":\"fr-FR\",\"potentialAction\":[{\"@type\":\"ReadAction\",\"target\":[\"https:\\\/\\\/saintlouis-lapaix.com\\\/lycee-saint-louis\\\/international\\\/\"]}]},{\"@type\":\"BreadcrumbList\",\"@id\":\"https:\\\/\\\/saintlouis-lapaix.com\\\/lycee-saint-louis\\\/international\\\/#breadcrumb\",\"itemListElement\":[{\"@type\":\"ListItem\",\"position\":1,\"name\":\"Accueil\",\"item\":\"https:\\\/\\\/saintlouis-lapaix.com\\\/lycee-saint-louis\\\/\"},{\"@type\":\"ListItem\",\"position\":2,\"name\":\"International\"}]},{\"@type\":\"WebSite\",\"@id\":\"https:\\\/\\\/saintlouis-lapaix.com\\\/lycee-saint-louis\\\/#website\",\"url\":\"https:\\\/\\\/saintlouis-lapaix.com\\\/lycee-saint-louis\\\/\",\"name\":\"Lyc\u00e9e Saint-Louis\",\"description\":\"Lyc\u00e9e d\u2019Enseignement G\u00e9n\u00e9ral et Technologique\",\"potentialAction\":[{\"@type\":\"SearchAction\",\"target\":{\"@type\":\"EntryPoint\",\"urlTemplate\":\"https:\\\/\\\/saintlouis-lapaix.com\\\/lycee-saint-louis\\\/?s={search_term_string}\"},\"query-input\":{\"@type\":\"PropertyValueSpecification\",\"valueRequired\":true,\"valueName\":\"search_term_string\"}}],\"inLanguage\":\"fr-FR\"}]}<\/script>\n<!-- \/ Yoast SEO plugin. -->","yoast_head_json":{"title":"International - Lyc\u00e9e Saint-Louis","robots":{"index":"index","follow":"follow","max-snippet":"max-snippet:-1","max-image-preview":"max-image-preview:large","max-video-preview":"max-video-preview:-1"},"canonical":"https:\/\/saintlouis-lapaix.com\/lycee-saint-louis\/international\/","og_locale":"fr_FR","og_type":"article","og_title":"International - Lyc\u00e9e Saint-Louis","og_description":"L&rsquo;OUVERTURE \u00c0 L&rsquo;INTERNATIONAL Pour pr\u00e9parer les \u00e9l\u00e8ves aux \u00e9tudes sup\u00e9rieures, \u00e0 l\u2019insertion sociale et professionnelle, diff\u00e9rents dispositifs ouverts \u00e0 l\u2019international&hellip;","og_url":"https:\/\/saintlouis-lapaix.com\/lycee-saint-louis\/international\/","og_site_name":"Lyc\u00e9e Saint-Louis","article_modified_time":"2019-02-26T10:24:16+00:00","twitter_card":"summary_large_image","twitter_misc":{"Dur\u00e9e de lecture estim\u00e9e":"1 minute"},"schema":{"@context":"https:\/\/schema.org","@graph":[{"@type":"WebPage","@id":"https:\/\/saintlouis-lapaix.com\/lycee-saint-louis\/international\/","url":"https:\/\/saintlouis-lapaix.com\/lycee-saint-louis\/international\/","name":"International - Lyc\u00e9e Saint-Louis","isPartOf":{"@id":"https:\/\/saintlouis-lapaix.com\/lycee-saint-louis\/#website"},"datePublished":"2018-12-06T09:56:54+00:00","dateModified":"2019-02-26T10:24:16+00:00","breadcrumb":{"@id":"https:\/\/saintlouis-lapaix.com\/lycee-saint-louis\/international\/#breadcrumb"},"inLanguage":"fr-FR","potentialAction":[{"@type":"ReadAction","target":["https:\/\/saintlouis-lapaix.com\/lycee-saint-louis\/international\/"]}]},{"@type":"BreadcrumbList","@id":"https:\/\/saintlouis-lapaix.com\/lycee-saint-louis\/international\/#breadcrumb","itemListElement":[{"@type":"ListItem","position":1,"name":"Accueil","item":"https:\/\/saintlouis-lapaix.com\/lycee-saint-louis\/"},{"@type":"ListItem","position":2,"name":"International"}]},{"@type":"WebSite","@id":"https:\/\/saintlouis-lapaix.com\/lycee-saint-louis\/#website","url":"https:\/\/saintlouis-lapaix.com\/lycee-saint-louis\/","name":"Lyc\u00e9e Saint-Louis","description":"Lyc\u00e9e d\u2019Enseignement G\u00e9n\u00e9ral et Technologique","potentialAction":[{"@type":"SearchAction","target":{"@type":"EntryPoint","urlTemplate":"https:\/\/saintlouis-lapaix.com\/lycee-saint-louis\/?s={search_term_string}"},"query-input":{"@type":"PropertyValueSpecification","valueRequired":true,"valueName":"search_term_string"}}],"inLanguage":"fr-FR"}]}},"_links":{"self":[{"href":"https:\/\/saintlouis-lapaix.com\/lycee-saint-louis\/wp-json\/wp\/v2\/pages\/10","targetHints":{"allow":["GET"]}}],"collection":[{"href":"https:\/\/saintlouis-lapaix.com\/lycee-saint-louis\/wp-json\/wp\/v2\/pages"}],"about":[{"href":"https:\/\/saintlouis-lapaix.com\/lycee-saint-louis\/wp-json\/wp\/v2\/types\/page"}],"author":[{"embeddable":true,"href":"https:\/\/saintlouis-lapaix.com\/lycee-saint-louis\/wp-json\/wp\/v2\/users\/1"}],"replies":[{"embeddable":true,"href":"https:\/\/saintlouis-lapaix.com\/lycee-saint-louis\/wp-json\/wp\/v2\/comments?post=10"}],"version-history":[{"count":6,"href":"https:\/\/saintlouis-lapaix.com\/lycee-saint-louis\/wp-json\/wp\/v2\/pages\/10\/revisions"}],"predecessor-version":[{"id":234,"href":"https:\/\/saintlouis-lapaix.com\/lycee-saint-louis\/wp-json\/wp\/v2\/pages\/10\/revisions\/234"}],"wp:attachment":[{"href":"https:\/\/saintlouis-lapaix.com\/lycee-saint-louis\/wp-json\/wp\/v2\/media?parent=10"}],"curies":[{"name":"wp","href":"https:\/\/api.w.org\/{rel}","templated":true}]}}