{"id":13118,"date":"2023-10-23T15:33:39","date_gmt":"2023-10-23T13:33:39","guid":{"rendered":"https:\/\/saintlouis-lapaix.com\/college-saint-louis\/?page_id=13118"},"modified":"2023-11-08T18:22:28","modified_gmt":"2023-11-08T17:22:28","slug":"preparation-au-bac-americain-high-bac","status":"publish","type":"page","link":"https:\/\/saintlouis-lapaix.com\/college-saint-louis\/international\/preparation-au-bac-americain-high-bac\/","title":{"rendered":"Pr\u00e9paration au Bac Am\u00e9ricain \u00ab\u00a0High Bac\u00a0\u00bb"},"content":{"rendered":"<p><strong>Dual Diploma (Bac am\u00e9ricain) <\/strong>: Le coll\u00e8ge Saint Louis propose aux futurs \u00e9l\u00e8ves de 3\u00e8me de s\u2019inscrire et de suivre le \u00ab\u00a0Dual Diploma\u00a0\u00bb \u00e0 partir de Septembre 2021, cursus qu\u2019ils poursuivront au <a href=\"https:\/\/www.facebook.com\/lyceesaintlouis.lorient\/?__cft__%5B0%5D=AZVgnR0_i-szzRAFkaeBSwdt-oHy6bCZQ5Ezl7eTCEw-v61FVNLUNM-UgrNjdoMYVBbl-XLqGTlWOIKAlxaebPMrQMWTqi3Ay6q7uAFOf6echE09Z8lLh8bcjbcnLUm8fOwxI6H6uVSVvSYTIHs0Nxt_lXhILetWT_sYELiEi4bewi7SSd3onUBi2sW_U02Po3o&amp;__tn__=kK-R\">Lyc\u00e9e Saint-Louis<\/a>. Il s\u2019agit de passer un double dipl\u00f4me am\u00e9ricain en digital en compl\u00e9ment de leur baccalaur\u00e9at fran\u00e7ais. Notre groupe scolaire a sign\u00e9 un partenariat avec Academica, principal groupe d\u2019\u00e9coles charters aux USA. Les \u00e9l\u00e8ves sont encadr\u00e9s par leur professeur am\u00e9ricain aux Etats-Unis et par\u200b \u200b\u200bdes professeurs r\u00e9f\u00e9rent\u200bs en France. <a href=\"https:\/\/l.facebook.com\/l.php?u=https%3A%2F%2Fdualdiploma.org%2F%3Ffbclid%3DIwAR3LEsQ1htFvTpLGuYgj79mUDJ6PQ1Pgv8vaKA9ucxgtgvfsi08sJl-PIjA&amp;h=AT3WPt40crOniZdEKQhqDwxHoCPabdDgrt__eV6Y6x8Oem1cIhd2FOlxLMLWZYLRXmTws9Tsng1VXRb9OUBSPuFwQnXX7ZxmFP2kMIQuieRJmIFJZrluHmmmrJsZ858gbbaDk78&amp;__tn__=-UK-R&amp;c%5B0%5D=AT3duoaKPsGEI5OUin2HIT2J-37uXA7pshbdlAIo0uiLnkHTAhuo5XqtFf8aixngqW_xt1eI6dFlV0x2z1SHU4zHY0s2sKBLiGeEWFJczzD-61WquE0YnsJJgPnSjHIswOn1YqJgfMquEQJaeOxfmyIpYskY7AR2EZwa4eluWQ7_K7GEJ4r2hKliV0-iEpeOT14ztqYK\">https:\/\/dualdiploma.org\/<\/a><\/p>\n<p><a href=\"https:\/\/saintlouis-lapaix.com\/lycee-saint-louis\/international\/bac-americain-high-bac\/\" target=\"_blank\" rel=\"noopener\">En savoir plus sur Le High School Diploma au lyc\u00e9e Saint-Louis de Lorient<\/a><\/p>\n","protected":false},"excerpt":{"rendered":"<p>Dual Diploma (Bac am\u00e9ricain) : Le coll\u00e8ge Saint Louis propose aux futurs \u00e9l\u00e8ves de 3\u00e8me de s\u2019inscrire et de suivre&hellip;<\/p>\n","protected":false},"author":12,"featured_media":0,"parent":5109,"menu_order":0,"comment_status":"closed","ping_status":"closed","template":"","meta":{"_acf_changed":false,"footnotes":""},"class_list":["post-13118","page","type-page","status-publish","hentry"],"acf":[],"yoast_head":"<!-- This site is optimized with the Yoast SEO plugin v27.4 - https:\/\/yoast.com\/product\/yoast-seo-wordpress\/ -->\n<title>Pr\u00e9paration au Bac Am\u00e9ricain &quot;High Bac&quot; - Coll\u00e8ge Saint Louis<\/title>\n<meta name=\"robots\" content=\"index, follow, max-snippet:-1, max-image-preview:large, max-video-preview:-1\" \/>\n<link rel=\"canonical\" href=\"https:\/\/saintlouis-lapaix.com\/college-saint-louis\/international\/preparation-au-bac-americain-high-bac\/\" \/>\n<meta property=\"og:locale\" content=\"fr_FR\" \/>\n<meta property=\"og:type\" content=\"article\" \/>\n<meta property=\"og:title\" content=\"Pr\u00e9paration au Bac Am\u00e9ricain &quot;High Bac&quot; - Coll\u00e8ge Saint Louis\" \/>\n<meta property=\"og:description\" content=\"Dual Diploma (Bac am\u00e9ricain) : Le coll\u00e8ge Saint Louis propose aux futurs \u00e9l\u00e8ves de 3\u00e8me de s\u2019inscrire et de suivre&hellip;\" \/>\n<meta property=\"og:url\" content=\"https:\/\/saintlouis-lapaix.com\/college-saint-louis\/international\/preparation-au-bac-americain-high-bac\/\" \/>\n<meta property=\"og:site_name\" content=\"Coll\u00e8ge Saint Louis\" \/>\n<meta property=\"article:modified_time\" content=\"2023-11-08T17:22:28+00:00\" \/>\n<meta name=\"twitter:card\" content=\"summary_large_image\" \/>\n<meta name=\"twitter:label1\" content=\"Dur\u00e9e de lecture estim\u00e9e\" \/>\n\t<meta name=\"twitter:data1\" content=\"1 minute\" \/>\n<script type=\"application\/ld+json\" class=\"yoast-schema-graph\">{\"@context\":\"https:\\\/\\\/schema.org\",\"@graph\":[{\"@type\":\"WebPage\",\"@id\":\"https:\\\/\\\/saintlouis-lapaix.com\\\/college-saint-louis\\\/international\\\/preparation-au-bac-americain-high-bac\\\/\",\"url\":\"https:\\\/\\\/saintlouis-lapaix.com\\\/college-saint-louis\\\/international\\\/preparation-au-bac-americain-high-bac\\\/\",\"name\":\"Pr\u00e9paration au Bac Am\u00e9ricain \\\"High Bac\\\" - Coll\u00e8ge Saint Louis\",\"isPartOf\":{\"@id\":\"https:\\\/\\\/saintlouis-lapaix.com\\\/college-saint-louis\\\/#website\"},\"datePublished\":\"2023-10-23T13:33:39+00:00\",\"dateModified\":\"2023-11-08T17:22:28+00:00\",\"breadcrumb\":{\"@id\":\"https:\\\/\\\/saintlouis-lapaix.com\\\/college-saint-louis\\\/international\\\/preparation-au-bac-americain-high-bac\\\/#breadcrumb\"},\"inLanguage\":\"fr-FR\",\"potentialAction\":[{\"@type\":\"ReadAction\",\"target\":[\"https:\\\/\\\/saintlouis-lapaix.com\\\/college-saint-louis\\\/international\\\/preparation-au-bac-americain-high-bac\\\/\"]}]},{\"@type\":\"BreadcrumbList\",\"@id\":\"https:\\\/\\\/saintlouis-lapaix.com\\\/college-saint-louis\\\/international\\\/preparation-au-bac-americain-high-bac\\\/#breadcrumb\",\"itemListElement\":[{\"@type\":\"ListItem\",\"position\":1,\"name\":\"Accueil\",\"item\":\"https:\\\/\\\/saintlouis-lapaix.com\\\/college-saint-louis\\\/\"},{\"@type\":\"ListItem\",\"position\":2,\"name\":\"International\",\"item\":\"https:\\\/\\\/saintlouis-lapaix.com\\\/college-saint-louis\\\/international\\\/\"},{\"@type\":\"ListItem\",\"position\":3,\"name\":\"Pr\u00e9paration au Bac Am\u00e9ricain \u00ab\u00a0High Bac\u00a0\u00bb\"}]},{\"@type\":\"WebSite\",\"@id\":\"https:\\\/\\\/saintlouis-lapaix.com\\\/college-saint-louis\\\/#website\",\"url\":\"https:\\\/\\\/saintlouis-lapaix.com\\\/college-saint-louis\\\/\",\"name\":\"Coll\u00e8ge Saint Louis\",\"description\":\"\",\"potentialAction\":[{\"@type\":\"SearchAction\",\"target\":{\"@type\":\"EntryPoint\",\"urlTemplate\":\"https:\\\/\\\/saintlouis-lapaix.com\\\/college-saint-louis\\\/?s={search_term_string}\"},\"query-input\":{\"@type\":\"PropertyValueSpecification\",\"valueRequired\":true,\"valueName\":\"search_term_string\"}}],\"inLanguage\":\"fr-FR\"}]}<\/script>\n<!-- \/ Yoast SEO plugin. -->","yoast_head_json":{"title":"Pr\u00e9paration au Bac Am\u00e9ricain \"High Bac\" - Coll\u00e8ge Saint Louis","robots":{"index":"index","follow":"follow","max-snippet":"max-snippet:-1","max-image-preview":"max-image-preview:large","max-video-preview":"max-video-preview:-1"},"canonical":"https:\/\/saintlouis-lapaix.com\/college-saint-louis\/international\/preparation-au-bac-americain-high-bac\/","og_locale":"fr_FR","og_type":"article","og_title":"Pr\u00e9paration au Bac Am\u00e9ricain \"High Bac\" - Coll\u00e8ge Saint Louis","og_description":"Dual Diploma (Bac am\u00e9ricain) : Le coll\u00e8ge Saint Louis propose aux futurs \u00e9l\u00e8ves de 3\u00e8me de s\u2019inscrire et de suivre&hellip;","og_url":"https:\/\/saintlouis-lapaix.com\/college-saint-louis\/international\/preparation-au-bac-americain-high-bac\/","og_site_name":"Coll\u00e8ge Saint Louis","article_modified_time":"2023-11-08T17:22:28+00:00","twitter_card":"summary_large_image","twitter_misc":{"Dur\u00e9e de lecture estim\u00e9e":"1 minute"},"schema":{"@context":"https:\/\/schema.org","@graph":[{"@type":"WebPage","@id":"https:\/\/saintlouis-lapaix.com\/college-saint-louis\/international\/preparation-au-bac-americain-high-bac\/","url":"https:\/\/saintlouis-lapaix.com\/college-saint-louis\/international\/preparation-au-bac-americain-high-bac\/","name":"Pr\u00e9paration au Bac Am\u00e9ricain \"High Bac\" - Coll\u00e8ge Saint Louis","isPartOf":{"@id":"https:\/\/saintlouis-lapaix.com\/college-saint-louis\/#website"},"datePublished":"2023-10-23T13:33:39+00:00","dateModified":"2023-11-08T17:22:28+00:00","breadcrumb":{"@id":"https:\/\/saintlouis-lapaix.com\/college-saint-louis\/international\/preparation-au-bac-americain-high-bac\/#breadcrumb"},"inLanguage":"fr-FR","potentialAction":[{"@type":"ReadAction","target":["https:\/\/saintlouis-lapaix.com\/college-saint-louis\/international\/preparation-au-bac-americain-high-bac\/"]}]},{"@type":"BreadcrumbList","@id":"https:\/\/saintlouis-lapaix.com\/college-saint-louis\/international\/preparation-au-bac-americain-high-bac\/#breadcrumb","itemListElement":[{"@type":"ListItem","position":1,"name":"Accueil","item":"https:\/\/saintlouis-lapaix.com\/college-saint-louis\/"},{"@type":"ListItem","position":2,"name":"International","item":"https:\/\/saintlouis-lapaix.com\/college-saint-louis\/international\/"},{"@type":"ListItem","position":3,"name":"Pr\u00e9paration au Bac Am\u00e9ricain \u00ab\u00a0High Bac\u00a0\u00bb"}]},{"@type":"WebSite","@id":"https:\/\/saintlouis-lapaix.com\/college-saint-louis\/#website","url":"https:\/\/saintlouis-lapaix.com\/college-saint-louis\/","name":"Coll\u00e8ge Saint Louis","description":"","potentialAction":[{"@type":"SearchAction","target":{"@type":"EntryPoint","urlTemplate":"https:\/\/saintlouis-lapaix.com\/college-saint-louis\/?s={search_term_string}"},"query-input":{"@type":"PropertyValueSpecification","valueRequired":true,"valueName":"search_term_string"}}],"inLanguage":"fr-FR"}]}},"_links":{"self":[{"href":"https:\/\/saintlouis-lapaix.com\/college-saint-louis\/wp-json\/wp\/v2\/pages\/13118","targetHints":{"allow":["GET"]}}],"collection":[{"href":"https:\/\/saintlouis-lapaix.com\/college-saint-louis\/wp-json\/wp\/v2\/pages"}],"about":[{"href":"https:\/\/saintlouis-lapaix.com\/college-saint-louis\/wp-json\/wp\/v2\/types\/page"}],"author":[{"embeddable":true,"href":"https:\/\/saintlouis-lapaix.com\/college-saint-louis\/wp-json\/wp\/v2\/users\/12"}],"replies":[{"embeddable":true,"href":"https:\/\/saintlouis-lapaix.com\/college-saint-louis\/wp-json\/wp\/v2\/comments?post=13118"}],"version-history":[{"count":3,"href":"https:\/\/saintlouis-lapaix.com\/college-saint-louis\/wp-json\/wp\/v2\/pages\/13118\/revisions"}],"predecessor-version":[{"id":13180,"href":"https:\/\/saintlouis-lapaix.com\/college-saint-louis\/wp-json\/wp\/v2\/pages\/13118\/revisions\/13180"}],"up":[{"embeddable":true,"href":"https:\/\/saintlouis-lapaix.com\/college-saint-louis\/wp-json\/wp\/v2\/pages\/5109"}],"wp:attachment":[{"href":"https:\/\/saintlouis-lapaix.com\/college-saint-louis\/wp-json\/wp\/v2\/media?parent=13118"}],"curies":[{"name":"wp","href":"https:\/\/api.w.org\/{rel}","templated":true}]}}