{"id":13003,"date":"2023-10-17T11:27:47","date_gmt":"2023-10-17T09:27:47","guid":{"rendered":"https:\/\/saintlouis-lapaix.com\/college-saint-louis\/?page_id=13003"},"modified":"2023-10-18T15:59:09","modified_gmt":"2023-10-18T13:59:09","slug":"cordees-de-la-reussite","status":"publish","type":"page","link":"https:\/\/saintlouis-lapaix.com\/college-saint-louis\/projets-pedagogiques\/cordees-de-la-reussite\/","title":{"rendered":"Cord\u00e9es de la r\u00e9ussite"},"content":{"rendered":"<p><u>Cord\u00e9e de la r\u00e9ussite : m\u00e9diation et tutora<\/u><u>t<\/u><\/p>\n<ul>\n<li><strong>\u00catre m\u00e9diateur<\/strong> : Si plut\u00f4t que de faire appel \u00e0 un adulte, les \u00e9l\u00e8ves tentaient de solutionner des petits conflits de r\u00e9cr\u00e9ation, de classe gr\u00e2ce \u00e0 un \u00e9l\u00e8ve m\u00e9diateur ? Dans le cadre des Cord\u00e9es de la r\u00e9ussite, quelques \u00e9l\u00e8ves de 5\u00e8me et de 4\u00e8me peuvent suivre pendant 2 jours et demis une formation ayant pour but d\u2019acqu\u00e9rir des comp\u00e9tences en faveur de la gestion coop\u00e9rative des conflits et la communication sans violence.<\/li>\n<li><strong>Etre tuteur<\/strong> : Dans le cadre des <a href=\"https:\/\/www.facebook.com\/cordeesdelareussite\/?__cft__%5B0%5D=AZUOwFUZrJ_dex_IgoBbIAckozmhiycQ94GHMtzaT_qkdXBurhLAfHnRCmaOWPSaQG-_32jFeGVKouW-DuH8FwexmzdCGH2yDluUAZ4we2QHXdjBXQUkId5JZAU31Ws1Z7_YHq-GtwHu9fTpW74-Py8NGe4pO-cntvjM3G353wjwCDJBlUx639IuA4NRjj9eV3g&amp;__tn__=kK-R\">Cord\u00e9es de la r\u00e9ussite<\/a> \u00ab\u00a0Hissez Haut\u00a0\u00bb, quelques \u00e9l\u00e8ves de 3\u00e8me peuvent suivre une formation pour assurer un tutorat aupr\u00e8s des plus jeunes. Durant ces journ\u00e9es ils apprennent notamment \u00e0 se positionner en tant que tuteur, \u00e0 avoir un esprit d&rsquo;ouverture sans jugement, \u00e0 communiquer avec efficacit\u00e9.<\/li>\n<\/ul>\n<p><img loading=\"lazy\" decoding=\"async\" class=\"alignnone size-full wp-image-13004\" src=\"https:\/\/saintlouis-lapaix.com\/college-saint-louis\/wp-content\/uploads\/sites\/2\/2023\/10\/2021_cordeesdelareussite_logo.jpg\" alt=\"\" width=\"567\" height=\"281\" srcset=\"https:\/\/saintlouis-lapaix.com\/college-saint-louis\/wp-content\/uploads\/sites\/2\/2023\/10\/2021_cordeesdelareussite_logo.jpg 567w, https:\/\/saintlouis-lapaix.com\/college-saint-louis\/wp-content\/uploads\/sites\/2\/2023\/10\/2021_cordeesdelareussite_logo-300x149.jpg 300w\" sizes=\"auto, (max-width: 567px) 100vw, 567px\" \/><\/p>\n<p>&nbsp;<\/p>\n","protected":false},"excerpt":{"rendered":"<p>Cord\u00e9e de la r\u00e9ussite : m\u00e9diation et tutorat \u00catre m\u00e9diateur : Si plut\u00f4t que de faire appel \u00e0 un adulte,&hellip;<\/p>\n","protected":false},"author":12,"featured_media":0,"parent":5092,"menu_order":0,"comment_status":"closed","ping_status":"closed","template":"","meta":{"_acf_changed":false,"footnotes":""},"class_list":["post-13003","page","type-page","status-publish","hentry"],"acf":[],"yoast_head":"<!-- This site is optimized with the Yoast SEO plugin v27.4 - https:\/\/yoast.com\/product\/yoast-seo-wordpress\/ -->\n<title>Cord\u00e9es de la r\u00e9ussite - Coll\u00e8ge Saint Louis<\/title>\n<meta name=\"robots\" content=\"index, follow, max-snippet:-1, max-image-preview:large, max-video-preview:-1\" \/>\n<link rel=\"canonical\" href=\"https:\/\/saintlouis-lapaix.com\/college-saint-louis\/projets-pedagogiques\/cordees-de-la-reussite\/\" \/>\n<meta property=\"og:locale\" content=\"fr_FR\" \/>\n<meta property=\"og:type\" content=\"article\" \/>\n<meta property=\"og:title\" content=\"Cord\u00e9es de la r\u00e9ussite - Coll\u00e8ge Saint Louis\" \/>\n<meta property=\"og:description\" content=\"Cord\u00e9e de la r\u00e9ussite : m\u00e9diation et tutorat \u00catre m\u00e9diateur : Si plut\u00f4t que de faire appel \u00e0 un adulte,&hellip;\" \/>\n<meta property=\"og:url\" content=\"https:\/\/saintlouis-lapaix.com\/college-saint-louis\/projets-pedagogiques\/cordees-de-la-reussite\/\" \/>\n<meta property=\"og:site_name\" content=\"Coll\u00e8ge Saint Louis\" \/>\n<meta property=\"article:modified_time\" content=\"2023-10-18T13:59:09+00:00\" \/>\n<meta property=\"og:image\" content=\"https:\/\/saintlouis-lapaix.com\/college-saint-louis\/wp-content\/uploads\/sites\/2\/2023\/10\/2021_cordeesdelareussite_logo.jpg\" \/>\n<meta name=\"twitter:card\" content=\"summary_large_image\" \/>\n<meta name=\"twitter:label1\" content=\"Dur\u00e9e de lecture estim\u00e9e\" \/>\n\t<meta name=\"twitter:data1\" content=\"1 minute\" \/>\n<script type=\"application\/ld+json\" class=\"yoast-schema-graph\">{\"@context\":\"https:\\\/\\\/schema.org\",\"@graph\":[{\"@type\":\"WebPage\",\"@id\":\"https:\\\/\\\/saintlouis-lapaix.com\\\/college-saint-louis\\\/projets-pedagogiques\\\/cordees-de-la-reussite\\\/\",\"url\":\"https:\\\/\\\/saintlouis-lapaix.com\\\/college-saint-louis\\\/projets-pedagogiques\\\/cordees-de-la-reussite\\\/\",\"name\":\"Cord\u00e9es de la r\u00e9ussite - Coll\u00e8ge Saint Louis\",\"isPartOf\":{\"@id\":\"https:\\\/\\\/saintlouis-lapaix.com\\\/college-saint-louis\\\/#website\"},\"primaryImageOfPage\":{\"@id\":\"https:\\\/\\\/saintlouis-lapaix.com\\\/college-saint-louis\\\/projets-pedagogiques\\\/cordees-de-la-reussite\\\/#primaryimage\"},\"image\":{\"@id\":\"https:\\\/\\\/saintlouis-lapaix.com\\\/college-saint-louis\\\/projets-pedagogiques\\\/cordees-de-la-reussite\\\/#primaryimage\"},\"thumbnailUrl\":\"https:\\\/\\\/saintlouis-lapaix.com\\\/college-saint-louis\\\/wp-content\\\/uploads\\\/sites\\\/2\\\/2023\\\/10\\\/2021_cordeesdelareussite_logo.jpg\",\"datePublished\":\"2023-10-17T09:27:47+00:00\",\"dateModified\":\"2023-10-18T13:59:09+00:00\",\"breadcrumb\":{\"@id\":\"https:\\\/\\\/saintlouis-lapaix.com\\\/college-saint-louis\\\/projets-pedagogiques\\\/cordees-de-la-reussite\\\/#breadcrumb\"},\"inLanguage\":\"fr-FR\",\"potentialAction\":[{\"@type\":\"ReadAction\",\"target\":[\"https:\\\/\\\/saintlouis-lapaix.com\\\/college-saint-louis\\\/projets-pedagogiques\\\/cordees-de-la-reussite\\\/\"]}]},{\"@type\":\"ImageObject\",\"inLanguage\":\"fr-FR\",\"@id\":\"https:\\\/\\\/saintlouis-lapaix.com\\\/college-saint-louis\\\/projets-pedagogiques\\\/cordees-de-la-reussite\\\/#primaryimage\",\"url\":\"https:\\\/\\\/saintlouis-lapaix.com\\\/college-saint-louis\\\/wp-content\\\/uploads\\\/sites\\\/2\\\/2023\\\/10\\\/2021_cordeesdelareussite_logo.jpg\",\"contentUrl\":\"https:\\\/\\\/saintlouis-lapaix.com\\\/college-saint-louis\\\/wp-content\\\/uploads\\\/sites\\\/2\\\/2023\\\/10\\\/2021_cordeesdelareussite_logo.jpg\",\"width\":567,\"height\":281},{\"@type\":\"BreadcrumbList\",\"@id\":\"https:\\\/\\\/saintlouis-lapaix.com\\\/college-saint-louis\\\/projets-pedagogiques\\\/cordees-de-la-reussite\\\/#breadcrumb\",\"itemListElement\":[{\"@type\":\"ListItem\",\"position\":1,\"name\":\"Accueil\",\"item\":\"https:\\\/\\\/saintlouis-lapaix.com\\\/college-saint-louis\\\/\"},{\"@type\":\"ListItem\",\"position\":2,\"name\":\"Projets p\u00e9dagogiques\",\"item\":\"https:\\\/\\\/saintlouis-lapaix.com\\\/college-saint-louis\\\/projets-pedagogiques\\\/\"},{\"@type\":\"ListItem\",\"position\":3,\"name\":\"Cord\u00e9es de la r\u00e9ussite\"}]},{\"@type\":\"WebSite\",\"@id\":\"https:\\\/\\\/saintlouis-lapaix.com\\\/college-saint-louis\\\/#website\",\"url\":\"https:\\\/\\\/saintlouis-lapaix.com\\\/college-saint-louis\\\/\",\"name\":\"Coll\u00e8ge Saint Louis\",\"description\":\"\",\"potentialAction\":[{\"@type\":\"SearchAction\",\"target\":{\"@type\":\"EntryPoint\",\"urlTemplate\":\"https:\\\/\\\/saintlouis-lapaix.com\\\/college-saint-louis\\\/?s={search_term_string}\"},\"query-input\":{\"@type\":\"PropertyValueSpecification\",\"valueRequired\":true,\"valueName\":\"search_term_string\"}}],\"inLanguage\":\"fr-FR\"}]}<\/script>\n<!-- \/ Yoast SEO plugin. -->","yoast_head_json":{"title":"Cord\u00e9es de la r\u00e9ussite - Coll\u00e8ge Saint Louis","robots":{"index":"index","follow":"follow","max-snippet":"max-snippet:-1","max-image-preview":"max-image-preview:large","max-video-preview":"max-video-preview:-1"},"canonical":"https:\/\/saintlouis-lapaix.com\/college-saint-louis\/projets-pedagogiques\/cordees-de-la-reussite\/","og_locale":"fr_FR","og_type":"article","og_title":"Cord\u00e9es de la r\u00e9ussite - Coll\u00e8ge Saint Louis","og_description":"Cord\u00e9e de la r\u00e9ussite : m\u00e9diation et tutorat \u00catre m\u00e9diateur : Si plut\u00f4t que de faire appel \u00e0 un adulte,&hellip;","og_url":"https:\/\/saintlouis-lapaix.com\/college-saint-louis\/projets-pedagogiques\/cordees-de-la-reussite\/","og_site_name":"Coll\u00e8ge Saint Louis","article_modified_time":"2023-10-18T13:59:09+00:00","og_image":[{"url":"https:\/\/saintlouis-lapaix.com\/college-saint-louis\/wp-content\/uploads\/sites\/2\/2023\/10\/2021_cordeesdelareussite_logo.jpg","type":"","width":"","height":""}],"twitter_card":"summary_large_image","twitter_misc":{"Dur\u00e9e de lecture estim\u00e9e":"1 minute"},"schema":{"@context":"https:\/\/schema.org","@graph":[{"@type":"WebPage","@id":"https:\/\/saintlouis-lapaix.com\/college-saint-louis\/projets-pedagogiques\/cordees-de-la-reussite\/","url":"https:\/\/saintlouis-lapaix.com\/college-saint-louis\/projets-pedagogiques\/cordees-de-la-reussite\/","name":"Cord\u00e9es de la r\u00e9ussite - Coll\u00e8ge Saint Louis","isPartOf":{"@id":"https:\/\/saintlouis-lapaix.com\/college-saint-louis\/#website"},"primaryImageOfPage":{"@id":"https:\/\/saintlouis-lapaix.com\/college-saint-louis\/projets-pedagogiques\/cordees-de-la-reussite\/#primaryimage"},"image":{"@id":"https:\/\/saintlouis-lapaix.com\/college-saint-louis\/projets-pedagogiques\/cordees-de-la-reussite\/#primaryimage"},"thumbnailUrl":"https:\/\/saintlouis-lapaix.com\/college-saint-louis\/wp-content\/uploads\/sites\/2\/2023\/10\/2021_cordeesdelareussite_logo.jpg","datePublished":"2023-10-17T09:27:47+00:00","dateModified":"2023-10-18T13:59:09+00:00","breadcrumb":{"@id":"https:\/\/saintlouis-lapaix.com\/college-saint-louis\/projets-pedagogiques\/cordees-de-la-reussite\/#breadcrumb"},"inLanguage":"fr-FR","potentialAction":[{"@type":"ReadAction","target":["https:\/\/saintlouis-lapaix.com\/college-saint-louis\/projets-pedagogiques\/cordees-de-la-reussite\/"]}]},{"@type":"ImageObject","inLanguage":"fr-FR","@id":"https:\/\/saintlouis-lapaix.com\/college-saint-louis\/projets-pedagogiques\/cordees-de-la-reussite\/#primaryimage","url":"https:\/\/saintlouis-lapaix.com\/college-saint-louis\/wp-content\/uploads\/sites\/2\/2023\/10\/2021_cordeesdelareussite_logo.jpg","contentUrl":"https:\/\/saintlouis-lapaix.com\/college-saint-louis\/wp-content\/uploads\/sites\/2\/2023\/10\/2021_cordeesdelareussite_logo.jpg","width":567,"height":281},{"@type":"BreadcrumbList","@id":"https:\/\/saintlouis-lapaix.com\/college-saint-louis\/projets-pedagogiques\/cordees-de-la-reussite\/#breadcrumb","itemListElement":[{"@type":"ListItem","position":1,"name":"Accueil","item":"https:\/\/saintlouis-lapaix.com\/college-saint-louis\/"},{"@type":"ListItem","position":2,"name":"Projets p\u00e9dagogiques","item":"https:\/\/saintlouis-lapaix.com\/college-saint-louis\/projets-pedagogiques\/"},{"@type":"ListItem","position":3,"name":"Cord\u00e9es de la r\u00e9ussite"}]},{"@type":"WebSite","@id":"https:\/\/saintlouis-lapaix.com\/college-saint-louis\/#website","url":"https:\/\/saintlouis-lapaix.com\/college-saint-louis\/","name":"Coll\u00e8ge Saint Louis","description":"","potentialAction":[{"@type":"SearchAction","target":{"@type":"EntryPoint","urlTemplate":"https:\/\/saintlouis-lapaix.com\/college-saint-louis\/?s={search_term_string}"},"query-input":{"@type":"PropertyValueSpecification","valueRequired":true,"valueName":"search_term_string"}}],"inLanguage":"fr-FR"}]}},"_links":{"self":[{"href":"https:\/\/saintlouis-lapaix.com\/college-saint-louis\/wp-json\/wp\/v2\/pages\/13003","targetHints":{"allow":["GET"]}}],"collection":[{"href":"https:\/\/saintlouis-lapaix.com\/college-saint-louis\/wp-json\/wp\/v2\/pages"}],"about":[{"href":"https:\/\/saintlouis-lapaix.com\/college-saint-louis\/wp-json\/wp\/v2\/types\/page"}],"author":[{"embeddable":true,"href":"https:\/\/saintlouis-lapaix.com\/college-saint-louis\/wp-json\/wp\/v2\/users\/12"}],"replies":[{"embeddable":true,"href":"https:\/\/saintlouis-lapaix.com\/college-saint-louis\/wp-json\/wp\/v2\/comments?post=13003"}],"version-history":[{"count":2,"href":"https:\/\/saintlouis-lapaix.com\/college-saint-louis\/wp-json\/wp\/v2\/pages\/13003\/revisions"}],"predecessor-version":[{"id":13049,"href":"https:\/\/saintlouis-lapaix.com\/college-saint-louis\/wp-json\/wp\/v2\/pages\/13003\/revisions\/13049"}],"up":[{"embeddable":true,"href":"https:\/\/saintlouis-lapaix.com\/college-saint-louis\/wp-json\/wp\/v2\/pages\/5092"}],"wp:attachment":[{"href":"https:\/\/saintlouis-lapaix.com\/college-saint-louis\/wp-json\/wp\/v2\/media?parent=13003"}],"curies":[{"name":"wp","href":"https:\/\/api.w.org\/{rel}","templated":true}]}}